{"id":2970,"date":"2023-02-21T14:19:31","date_gmt":"2023-02-21T14:19:31","guid":{"rendered":"https:\/\/forneyonline.com\/?page_id=2970"},"modified":"2023-03-31T07:29:31","modified_gmt":"2023-03-31T07:29:31","slug":"sobre-forney","status":"publish","type":"page","link":"https:\/\/forneyonline.com\/es\/sobre-forney\/","title":{"rendered":"About Forney"},"content":{"rendered":"\t\t<div data-elementor-type=\"wp-page\" data-elementor-id=\"2970\" class=\"elementor elementor-2970 elementor-49\" data-elementor-post-type=\"page\">\n\t\t\t\t<div class=\"elementor-element elementor-element-d761032 e-flex e-con-boxed e-con e-parent\" data-id=\"d761032\" data-element_type=\"container\" data-settings=\"{&quot;background_background&quot;:&quot;classic&quot;}\">\n\t\t\t\t\t<div class=\"e-con-inner\">\n\t\t\t\t<div class=\"elementor-element elementor-element-a848354 elementor-widget elementor-widget-heading\" data-id=\"a848354\" data-element_type=\"widget\" data-widget_type=\"heading.default\">\n\t\t\t\t<div class=\"elementor-widget-container\">\n\t\t\t\t\t<h1 class=\"elementor-heading-title elementor-size-default\">ACERCA DE Forney<\/h1>\t\t\t\t<\/div>\n\t\t\t\t<\/div>\n\t\t\t\t\t<\/div>\n\t\t\t\t<\/div>\n\t\t<div class=\"elementor-element elementor-element-781317c e-flex e-con-boxed e-con e-parent\" data-id=\"781317c\" data-element_type=\"container\" data-settings=\"{&quot;background_background&quot;:&quot;classic&quot;}\">\n\t\t\t\t\t<div class=\"e-con-inner\">\n\t\t\t\t<div class=\"elementor-element elementor-element-9787042 elementor-widget elementor-widget-heading\" data-id=\"9787042\" data-element_type=\"widget\" data-widget_type=\"heading.default\">\n\t\t\t\t<div class=\"elementor-widget-container\">\n\t\t\t\t\t<h2 class=\"elementor-heading-title elementor-size-default\">La sede corporativa de Forney est\u00e1 ubicada cerca de Zelienople PA, a solo 25 millas al norte de Pittsburgh, con instalaciones de fabricaci\u00f3n y almacenes en el este y oeste de Estados Unidos.<\/h2>\t\t\t\t<\/div>\n\t\t\t\t<\/div>\n\t\t\t\t<div class=\"elementor-element elementor-element-b2f2c1b elementor-widget elementor-widget-text-editor\" data-id=\"b2f2c1b\" data-element_type=\"widget\" data-widget_type=\"text-editor.default\">\n\t\t\t\t<div class=\"elementor-widget-container\">\n\t\t\t\t\t\t\t\t\t<p>Nuestros ejecutivos de cuentas y nuestro dedicado equipo de representantes de ventas prestan servicios al mundo. Estos hombres y mujeres multiling\u00fces pueden asesorarlo sobre todos los aspectos de los ensayos, los est\u00e1ndares, los protocolos y los requisitos estatales.<\/p><p>Nuestro dedicado equipo t\u00e9cnico de ingenieros tiene a\u00f1os de experiencia con su equipamiento y est\u00e1 familiarizado con todos los aspectos de su sistema de ensayo. Pueden ayudarlo con requisitos y equipos de ensayo especiales y complejos. En el sitio o de forma remota, nuestra Red de soporte de servicio de campo viaja por el mundo para abordar sus necesidades de calibraci\u00f3n, reparaci\u00f3n o servicio en el sitio.<\/p><p>Como fabricante l\u00edder de equipos de ensayo para la industria de la construcci\u00f3n, nos comprometemos (como lo hemos hecho durante los \u00faltimos 100 a\u00f1os) a apoyarlo en su trabajo para hacer del mundo un lugar m\u00e1s seguro.<\/p>\t\t\t\t\t\t\t\t<\/div>\n\t\t\t\t<\/div>\n\t\t\t\t\t<\/div>\n\t\t\t\t<\/div>\n\t\t<div class=\"elementor-element elementor-element-68c3250 e-flex e-con-boxed e-con e-parent\" data-id=\"68c3250\" data-element_type=\"container\">\n\t\t\t\t\t<div class=\"e-con-inner\">\n\t\t\t\t<div class=\"elementor-element elementor-element-fdfb24f elementor-widget elementor-widget-heading\" data-id=\"fdfb24f\" data-element_type=\"widget\" data-widget_type=\"heading.default\">\n\t\t\t\t<div class=\"elementor-widget-container\">\n\t\t\t\t\t<h2 class=\"elementor-heading-title elementor-size-default\">NUESTRA HISTORIA<\/h2>\t\t\t\t<\/div>\n\t\t\t\t<\/div>\n\t\t\t\t<div class=\"elementor-element elementor-element-49cb88d elementor-widget elementor-widget-text-editor\" data-id=\"49cb88d\" data-element_type=\"widget\" data-widget_type=\"text-editor.default\">\n\t\t\t\t<div class=\"elementor-widget-container\">\n\t\t\t\t\t\t\t\t\t<p><img fetchpriority=\"high\" decoding=\"async\" class=\"size-medium wp-image-802 alignright\" src=\"https:\/\/forneyonline.com\/wp-content\/uploads\/2023\/03\/Forney-About-Us-History-Hand-Pump-Tester-238x300.png\" alt=\"\" width=\"238\" height=\"300\" srcset=\"https:\/\/forneyonline.com\/wp-content\/uploads\/2023\/03\/Forney-About-Us-History-Hand-Pump-Tester-238x300.png 238w, https:\/\/forneyonline.com\/wp-content\/uploads\/2023\/03\/Forney-About-Us-History-Hand-Pump-Tester.png 240w\" sizes=\"(max-width: 238px) 100vw, 238px\" \/><\/p><p>Fundada por Joe Forney en 1916, Forney celebra con orgullo m\u00e1s de 100 a\u00f1os de \u00e9xito en la industria de ensayo de materiales de construcci\u00f3n.<\/p><p>Joe Forney comenz\u00f3 su carrera como soldador y maquinista en una f\u00e1brica de esta\u00f1o en New Castle, PA. Abri\u00f3 una empresa de soldadura y mecanizado detr\u00e1s de su casa en 1916. Era un \u00abtaller de trabajo\u00bb, lo que significa que aceptaban cualquier trabajo que se les presentara.<\/p><p>Russell, el hijo de Joe, se hizo cargo de la gesti\u00f3n diaria en la d\u00e9cada de 1930. Consolidada en 1945, la empresa prosper\u00f3. Joe continu\u00f3 trabajando en la f\u00e1brica de New Castle todos los d\u00edas hasta finales de la d\u00e9cada de 1960.<\/p><p><img decoding=\"async\" class=\"size-medium wp-image-811 alignleft\" src=\"https:\/\/forneyonline.com\/wp-content\/uploads\/2023\/03\/Forney-About-Us-History-Be-Sure-Model-233x300.png\" alt=\"\" width=\"233\" height=\"300\" srcset=\"https:\/\/forneyonline.com\/wp-content\/uploads\/2023\/03\/Forney-About-Us-History-Be-Sure-Model-233x300.png 233w, https:\/\/forneyonline.com\/wp-content\/uploads\/2023\/03\/Forney-About-Us-History-Be-Sure-Model.png 238w\" sizes=\"(max-width: 233px) 100vw, 233px\" \/><\/p><p>Durante la Segunda Guerra Mundial, la empresa produjo diversos art\u00edculos militares desde ejes de carruajes de armas hasta piezas complejas para torpedos y ametralladoras. Forney se expandi\u00f3 a la fabricaci\u00f3n, soldadura y fabricaci\u00f3n ligera. En ese momento, produjimos zapatos de beb\u00e9 de bronce, balones de f\u00fatbol ganadores e incluso construimos estatuillas para la campa\u00f1a presidencial de Wendell Willkie en 1940.<\/p><p>A principios de la d\u00e9cada de 1950, el t\u00edo de Russ, Frank Forney, que fabricaba bloques de cemento en Niles, Ohio, present\u00f3 a Russ una nueva oportunidad: ensayos de bloques de hormig\u00f3n y cilindros de hormig\u00f3n. En ese momento, los ensayos de estos elementos se realizaban con m\u00e1quinas de ensayo de compresi\u00f3n grandes y costosas ubicadas en laboratorios de ensayo especializados. Russ estaba intrigado, pens\u00f3 que hab\u00eda una mejor manera de hacer estos ensayos y trabaj\u00f3 para desarrollar una versi\u00f3n m\u00e1s peque\u00f1a y asequible de la m\u00e1quina de compresi\u00f3n. As\u00ed, se lanz\u00f3 la m\u00e1quina de ensayo de hormig\u00f3n Forney. La m\u00e1quina fue un \u00e9xito fenomenal.<\/p><p><img decoding=\"async\" class=\"size-medium wp-image-813 alignright\" src=\"https:\/\/forneyonline.com\/wp-content\/uploads\/2023\/03\/Forney-About-Us-History-018-232x300.png\" alt=\"\" width=\"232\" height=\"300\" srcset=\"https:\/\/forneyonline.com\/wp-content\/uploads\/2023\/03\/Forney-About-Us-History-018-232x300.png 232w, https:\/\/forneyonline.com\/wp-content\/uploads\/2023\/03\/Forney-About-Us-History-018.png 282w\" sizes=\"(max-width: 232px) 100vw, 232px\" \/><\/p><p>Forney comenz\u00f3 a crecer al expandir la l\u00ednea de productos con otros instrumentos de ensayo y suministros necesarios para realizar los ensayos relacionados. Con una gama completa de instrumentos de ensayo para hormig\u00f3n, cemento, suelos, \u00e1ridos y asfalto, Forney desarroll\u00f3 una presencia internacional sustancial. La empresa recibi\u00f3 el premio \u00abPresidents E Award for Export Excellence\u00bb en 1963.<\/p><p>En la actualidad, continuamos innovando y ofrecemos miles de pruebas cient\u00edficas, instrumentos de medici\u00f3n y procesamiento para las industrias del hormig\u00f3n, suelos y asfalto en todo el mundo. Encontrar\u00e1 equipos de Forney en laboratorios de ensayos, universidades, empresas de ingenier\u00eda civil, prefabricadoras, productores de bloques, productores de materiales, empresas de construcci\u00f3n, empresas de energ\u00eda y agencias gubernamentales.<\/p>\t\t\t\t\t\t\t\t<\/div>\n\t\t\t\t<\/div>\n\t\t\t\t\t<\/div>\n\t\t\t\t<\/div>\n\t\t<div class=\"elementor-element elementor-element-de3bd82 e-con-full e-flex e-con e-parent\" data-id=\"de3bd82\" data-element_type=\"container\">\n\t\t\t\t<div class=\"elementor-element elementor-element-9f7b1c4 elementor-widget elementor-widget-shortcode\" data-id=\"9f7b1c4\" data-element_type=\"widget\" data-widget_type=\"shortcode.default\">\n\t\t\t\t<div class=\"elementor-widget-container\">\n\t\t\t\t\t\t\t<div class=\"elementor-shortcode\">\t\t<div data-elementor-type=\"container\" data-elementor-id=\"2959\" class=\"elementor elementor-2959 elementor-821\" data-elementor-post-type=\"elementor_library\">\n\t\t\t\t<div class=\"elementor-element elementor-element-5a2c7f5c e-flex e-con-boxed e-con e-parent\" data-id=\"5a2c7f5c\" data-element_type=\"container\" data-settings=\"{&quot;background_background&quot;:&quot;classic&quot;}\">\n\t\t\t\t\t<div class=\"e-con-inner\">\n\t\t\t\t<div class=\"elementor-element elementor-element-2cee63b elementor-widget elementor-widget-heading\" data-id=\"2cee63b\" data-element_type=\"widget\" data-widget_type=\"heading.default\">\n\t\t\t\t<div class=\"elementor-widget-container\">\n\t\t\t\t\t<h2 class=\"elementor-heading-title elementor-size-default\">RECIBAS LAS \u00daLTIMAS NOVEDADES DE FORNEY EN SU BANDEJA DE ENTRADA<\/h2>\t\t\t\t<\/div>\n\t\t\t\t<\/div>\n\t\t\t\t<div class=\"elementor-element elementor-element-92d98a4 elementor-widget elementor-widget-text-editor\" data-id=\"92d98a4\" data-element_type=\"widget\" data-widget_type=\"text-editor.default\">\n\t\t\t\t<div class=\"elementor-widget-container\">\n\t\t\t\t\t\t\t\t\t<p>Ingrese su correo electr\u00f3nico a continuaci\u00f3n para suscribirse al bolet\u00edn de Forney.<\/p>\t\t\t\t\t\t\t\t<\/div>\n\t\t\t\t<\/div>\n\t\t\t\t<div class=\"elementor-element elementor-element-73fa4c4 elementor-widget elementor-widget-html\" data-id=\"73fa4c4\" data-element_type=\"widget\" data-widget_type=\"html.default\">\n\t\t\t\t<div class=\"elementor-widget-container\">\n\t\t\t\t\t<script charset=\"utf-8\" type=\"text\/javascript\" src=\"\/\/js.hsforms.net\/forms\/shell.js\"><\/script> <script>\r\nhbspt.forms.create({\r\nportalId: \"7040215\",\r\nformId: \"833ff817-c2ec-4667-9ae8-aea74b057f7b\"\r\n});\r\n<\/script>\t\t\t\t<\/div>\n\t\t\t\t<\/div>\n\t\t\t\t\t<\/div>\n\t\t\t\t<\/div>\n\t\t\t\t<\/div>\n\t\t<\/div>\n\t\t\t\t\t\t<\/div>\n\t\t\t\t<\/div>\n\t\t\t\t<\/div>\n\t\t\t\t<\/div>\n\t\t","protected":false},"excerpt":{"rendered":"<p>ACERCA DE Forney La sede corporativa de Forney est\u00e1 ubicada cerca de Zelienople PA, a solo 25 millas al norte de Pittsburgh, con instalaciones de fabricaci\u00f3n y almacenes en el este y oeste de Estados Unidos. Nuestros ejecutivos de cuentas y nuestro dedicado equipo de representantes de ventas prestan servicios al mundo. Estos hombres y&#8230;<\/p>\n","protected":false},"author":1,"featured_media":0,"parent":0,"menu_order":0,"comment_status":"closed","ping_status":"closed","template":"","meta":{"_acf_changed":false,"content-type":"","footnotes":""},"class_list":["post-2970","page","type-page","status-publish","hentry"],"acf":[],"yoast_head":"<!-- This site is optimized with the Yoast SEO plugin v25.6 - https:\/\/yoast.com\/wordpress\/plugins\/seo\/ -->\n<title>About Forney | Forney Online<\/title>\n<meta name=\"description\" content=\"Como fabricante l\u00edder de equipos de ensayo para la industria de la construcci\u00f3n, nos comprometemos a apoyarlo en su trabajo para hacer del mundo un lugar m\u00e1s seguro.\" \/>\n<meta name=\"robots\" content=\"index, follow, max-snippet:-1, max-image-preview:large, max-video-preview:-1\" \/>\n<link rel=\"canonical\" href=\"https:\/\/forneyonline.com\/es\/sobre-forney\/\" \/>\n<meta property=\"og:locale\" content=\"es_ES\" \/>\n<meta property=\"og:type\" content=\"article\" \/>\n<meta property=\"og:title\" content=\"About Forney | Forney Online\" \/>\n<meta property=\"og:description\" content=\"Como fabricante l\u00edder de equipos de ensayo para la industria de la construcci\u00f3n, nos comprometemos a apoyarlo en su trabajo para hacer del mundo un lugar m\u00e1s seguro.\" \/>\n<meta property=\"og:url\" content=\"https:\/\/forneyonline.com\/es\/sobre-forney\/\" \/>\n<meta property=\"og:site_name\" content=\"Forney Online\" \/>\n<meta property=\"article:modified_time\" content=\"2023-03-31T07:29:31+00:00\" \/>\n<meta property=\"og:image\" content=\"https:\/\/forneyonline.com\/wp-content\/uploads\/2023\/03\/Forney-About-Us-History-Hand-Pump-Tester-238x300.png\" \/>\n<meta name=\"twitter:card\" content=\"summary_large_image\" \/>\n<script type=\"application\/ld+json\" class=\"yoast-schema-graph\">{\"@context\":\"https:\/\/schema.org\",\"@graph\":[{\"@type\":\"WebPage\",\"@id\":\"https:\/\/forneyonline.com\/es\/sobre-forney\/\",\"url\":\"https:\/\/forneyonline.com\/es\/sobre-forney\/\",\"name\":\"About Forney | Forney Online\",\"isPartOf\":{\"@id\":\"https:\/\/forneyonline.com\/#website\"},\"primaryImageOfPage\":{\"@id\":\"https:\/\/forneyonline.com\/es\/sobre-forney\/#primaryimage\"},\"image\":{\"@id\":\"https:\/\/forneyonline.com\/es\/sobre-forney\/#primaryimage\"},\"thumbnailUrl\":\"https:\/\/forneyonline.com\/wp-content\/uploads\/2023\/03\/Forney-About-Us-History-Hand-Pump-Tester-238x300.png\",\"datePublished\":\"2023-02-21T14:19:31+00:00\",\"dateModified\":\"2023-03-31T07:29:31+00:00\",\"description\":\"Como fabricante l\u00edder de equipos de ensayo para la industria de la construcci\u00f3n, nos comprometemos a apoyarlo en su trabajo para hacer del mundo un lugar m\u00e1s seguro.\",\"breadcrumb\":{\"@id\":\"https:\/\/forneyonline.com\/es\/sobre-forney\/#breadcrumb\"},\"inLanguage\":\"es\",\"potentialAction\":[{\"@type\":\"ReadAction\",\"target\":[\"https:\/\/forneyonline.com\/es\/sobre-forney\/\"]}]},{\"@type\":\"ImageObject\",\"inLanguage\":\"es\",\"@id\":\"https:\/\/forneyonline.com\/es\/sobre-forney\/#primaryimage\",\"url\":\"https:\/\/forneyonline.com\/wp-content\/uploads\/2023\/03\/Forney-About-Us-History-Hand-Pump-Tester-238x300.png\",\"contentUrl\":\"https:\/\/forneyonline.com\/wp-content\/uploads\/2023\/03\/Forney-About-Us-History-Hand-Pump-Tester-238x300.png\"},{\"@type\":\"BreadcrumbList\",\"@id\":\"https:\/\/forneyonline.com\/es\/sobre-forney\/#breadcrumb\",\"itemListElement\":[{\"@type\":\"ListItem\",\"position\":1,\"name\":\"Home\",\"item\":\"https:\/\/forneyonline.com\/es\/\"},{\"@type\":\"ListItem\",\"position\":2,\"name\":\"About Forney\"}]},{\"@type\":\"WebSite\",\"@id\":\"https:\/\/forneyonline.com\/#website\",\"url\":\"https:\/\/forneyonline.com\/\",\"name\":\"Forney Online\",\"description\":\"\",\"publisher\":{\"@id\":\"https:\/\/forneyonline.com\/#organization\"},\"potentialAction\":[{\"@type\":\"SearchAction\",\"target\":{\"@type\":\"EntryPoint\",\"urlTemplate\":\"https:\/\/forneyonline.com\/?s={search_term_string}\"},\"query-input\":{\"@type\":\"PropertyValueSpecification\",\"valueRequired\":true,\"valueName\":\"search_term_string\"}}],\"inLanguage\":\"es\"},{\"@type\":\"Organization\",\"@id\":\"https:\/\/forneyonline.com\/#organization\",\"name\":\"Forney Online\",\"url\":\"https:\/\/forneyonline.com\/\",\"logo\":{\"@type\":\"ImageObject\",\"inLanguage\":\"es\",\"@id\":\"https:\/\/forneyonline.com\/#\/schema\/logo\/image\/\",\"url\":\"https:\/\/forneyonline.com\/wp-content\/uploads\/2024\/03\/ForneyLogo_Black.png\",\"contentUrl\":\"https:\/\/forneyonline.com\/wp-content\/uploads\/2024\/03\/ForneyLogo_Black.png\",\"width\":1024,\"height\":178,\"caption\":\"Forney Online\"},\"image\":{\"@id\":\"https:\/\/forneyonline.com\/#\/schema\/logo\/image\/\"}}]}<\/script>\n<!-- \/ Yoast SEO plugin. -->","yoast_head_json":{"title":"About Forney | Forney Online","description":"Como fabricante l\u00edder de equipos de ensayo para la industria de la construcci\u00f3n, nos comprometemos a apoyarlo en su trabajo para hacer del mundo un lugar m\u00e1s seguro.","robots":{"index":"index","follow":"follow","max-snippet":"max-snippet:-1","max-image-preview":"max-image-preview:large","max-video-preview":"max-video-preview:-1"},"canonical":"https:\/\/forneyonline.com\/es\/sobre-forney\/","og_locale":"es_ES","og_type":"article","og_title":"About Forney | Forney Online","og_description":"Como fabricante l\u00edder de equipos de ensayo para la industria de la construcci\u00f3n, nos comprometemos a apoyarlo en su trabajo para hacer del mundo un lugar m\u00e1s seguro.","og_url":"https:\/\/forneyonline.com\/es\/sobre-forney\/","og_site_name":"Forney Online","article_modified_time":"2023-03-31T07:29:31+00:00","og_image":[{"url":"https:\/\/forneyonline.com\/wp-content\/uploads\/2023\/03\/Forney-About-Us-History-Hand-Pump-Tester-238x300.png","type":"","width":"","height":""}],"twitter_card":"summary_large_image","schema":{"@context":"https:\/\/schema.org","@graph":[{"@type":"WebPage","@id":"https:\/\/forneyonline.com\/es\/sobre-forney\/","url":"https:\/\/forneyonline.com\/es\/sobre-forney\/","name":"About Forney | Forney Online","isPartOf":{"@id":"https:\/\/forneyonline.com\/#website"},"primaryImageOfPage":{"@id":"https:\/\/forneyonline.com\/es\/sobre-forney\/#primaryimage"},"image":{"@id":"https:\/\/forneyonline.com\/es\/sobre-forney\/#primaryimage"},"thumbnailUrl":"https:\/\/forneyonline.com\/wp-content\/uploads\/2023\/03\/Forney-About-Us-History-Hand-Pump-Tester-238x300.png","datePublished":"2023-02-21T14:19:31+00:00","dateModified":"2023-03-31T07:29:31+00:00","description":"Como fabricante l\u00edder de equipos de ensayo para la industria de la construcci\u00f3n, nos comprometemos a apoyarlo en su trabajo para hacer del mundo un lugar m\u00e1s seguro.","breadcrumb":{"@id":"https:\/\/forneyonline.com\/es\/sobre-forney\/#breadcrumb"},"inLanguage":"es","potentialAction":[{"@type":"ReadAction","target":["https:\/\/forneyonline.com\/es\/sobre-forney\/"]}]},{"@type":"ImageObject","inLanguage":"es","@id":"https:\/\/forneyonline.com\/es\/sobre-forney\/#primaryimage","url":"https:\/\/forneyonline.com\/wp-content\/uploads\/2023\/03\/Forney-About-Us-History-Hand-Pump-Tester-238x300.png","contentUrl":"https:\/\/forneyonline.com\/wp-content\/uploads\/2023\/03\/Forney-About-Us-History-Hand-Pump-Tester-238x300.png"},{"@type":"BreadcrumbList","@id":"https:\/\/forneyonline.com\/es\/sobre-forney\/#breadcrumb","itemListElement":[{"@type":"ListItem","position":1,"name":"Home","item":"https:\/\/forneyonline.com\/es\/"},{"@type":"ListItem","position":2,"name":"About Forney"}]},{"@type":"WebSite","@id":"https:\/\/forneyonline.com\/#website","url":"https:\/\/forneyonline.com\/","name":"Forney Online","description":"","publisher":{"@id":"https:\/\/forneyonline.com\/#organization"},"potentialAction":[{"@type":"SearchAction","target":{"@type":"EntryPoint","urlTemplate":"https:\/\/forneyonline.com\/?s={search_term_string}"},"query-input":{"@type":"PropertyValueSpecification","valueRequired":true,"valueName":"search_term_string"}}],"inLanguage":"es"},{"@type":"Organization","@id":"https:\/\/forneyonline.com\/#organization","name":"Forney Online","url":"https:\/\/forneyonline.com\/","logo":{"@type":"ImageObject","inLanguage":"es","@id":"https:\/\/forneyonline.com\/#\/schema\/logo\/image\/","url":"https:\/\/forneyonline.com\/wp-content\/uploads\/2024\/03\/ForneyLogo_Black.png","contentUrl":"https:\/\/forneyonline.com\/wp-content\/uploads\/2024\/03\/ForneyLogo_Black.png","width":1024,"height":178,"caption":"Forney Online"},"image":{"@id":"https:\/\/forneyonline.com\/#\/schema\/logo\/image\/"}}]}},"_links":{"self":[{"href":"https:\/\/forneyonline.com\/es\/wp-json\/wp\/v2\/pages\/2970","targetHints":{"allow":["GET"]}}],"collection":[{"href":"https:\/\/forneyonline.com\/es\/wp-json\/wp\/v2\/pages"}],"about":[{"href":"https:\/\/forneyonline.com\/es\/wp-json\/wp\/v2\/types\/page"}],"author":[{"embeddable":true,"href":"https:\/\/forneyonline.com\/es\/wp-json\/wp\/v2\/users\/1"}],"replies":[{"embeddable":true,"href":"https:\/\/forneyonline.com\/es\/wp-json\/wp\/v2\/comments?post=2970"}],"version-history":[{"count":0,"href":"https:\/\/forneyonline.com\/es\/wp-json\/wp\/v2\/pages\/2970\/revisions"}],"wp:attachment":[{"href":"https:\/\/forneyonline.com\/es\/wp-json\/wp\/v2\/media?parent=2970"}],"curies":[{"name":"wp","href":"https:\/\/api.w.org\/{rel}","templated":true}]}}