{"id":2994,"date":"2023-02-21T08:53:04","date_gmt":"2023-02-21T08:53:04","guid":{"rendered":"https:\/\/forneyonline.com\/?page_id=2994"},"modified":"2023-11-28T16:30:39","modified_gmt":"2023-11-28T16:30:39","slug":"resources","status":"publish","type":"page","link":"https:\/\/forneyonline.com\/es\/resources\/","title":{"rendered":"resources"},"content":{"rendered":"\t\t<div data-elementor-type=\"wp-page\" data-elementor-id=\"2994\" class=\"elementor elementor-2994 elementor-29\" data-elementor-post-type=\"page\">\n\t\t\t\t<div class=\"elementor-element elementor-element-71d3f4d e-con-full e-flex e-con e-parent\" data-id=\"71d3f4d\" data-element_type=\"container\">\n\t\t\t\t<div class=\"elementor-element elementor-element-39f4f26 elementor-widget elementor-widget-theme_resources_listing_widget\" data-id=\"39f4f26\" data-element_type=\"widget\" data-widget_type=\"theme_resources_listing_widget.default\">\n\t\t\t\t<div class=\"elementor-widget-container\">\n\t\t\t\t\t\t\t<section class=\"section-filter\">\n\t\t\t<div class=\"shell\">\n\t\t\t\t<div class=\"section__inner\">\n\t\t\t\t\t<div class=\"section__content\">\n\t\t\t\t\t\t<nav class=\"nav-filter\">\n\t\t\t\t\t\t\t<ul>\n\t\t\t\t\t\t\t\t<li class=\"is-current\">\n\t\t\t\t\t\t\t\t\t<a href=\"\/es\/wp-json\/wp\/v2\/pages\/2994\">Todos los recursos<\/a>\n\t\t\t\t\t\t\t\t<\/li>\n\n\t\t\t\t\t\t\t\t\t\t\t\t\t\t\t\t\t\t\t\t\t\t\t\t\t\t<li >\n\t\t\t\t\t\t\t\t\t\t<a href=\"\/es\/wp-json\/wp\/v2\/pages\/2994?filter_type=post\">\n\t\t\t\t\t\t\t\t\t\t\tBlog\t\t\t\t\t\t\t\t\t\t<\/a>\n\t\t\t\t\t\t\t\t\t<\/li>\n\t\t\t\t\t\t\t\t\t\t\t\t\t\t\t\t\t\t\t\t\t\t\t\t\t\t<li >\n\t\t\t\t\t\t\t\t\t\t<a href=\"\/es\/wp-json\/wp\/v2\/pages\/2994?filter_type=crb_news\">\n\t\t\t\t\t\t\t\t\t\t\tNews\t\t\t\t\t\t\t\t\t\t<\/a>\n\t\t\t\t\t\t\t\t\t<\/li>\n\t\t\t\t\t\t\t\t\t\t\t\t\t\t\t\t\t\t\t\t\t\t\t\t\t\t\n\t\t\t\t\t\t\t\t\t\t\t\t\t\t\t<\/ul>\n\t\t\t\t\t\t<\/nav><!-- \/.nav-filter -->\n\t\t\t\t\t<\/div><!-- \/.section__content -->\n\n\t\t\t\t\t<aside class=\"section__aside\">\n\t\t\t\t\t\t<!-- <a href=\"#\" class=\"btn-search js-show-search\">\n\t\t\t\t\t\t\t<i class=\"fas fa-search\"><\/i>\n\t\t\t\t\t\t<\/a> -->\n\n\t\t\t\t\t\t\n\t\t\t\t\t\t<div class=\"section__form section__form--block\">\n\t\t\t\t\t\t\t<form action=\"\" class=\"search-form\" method=\"get\" role=\"search\">\n\t<label>\n\t\t<span class=\"screen-reader-text\">Search for:<\/span>\n\n\t\t<input type=\"text\" title=\"Search for:\" name=\"search\" value=\"\" id=\"s\" placeholder=\"Search...\" class=\"search__field\" \/>\n\t<\/label>\n\n\t<button type=\"submit\" class=\"search__btn-inline\">\n\t\t\t\t<i class=\"fas fa-search\"><\/i>\n\t<\/button>\n\n\t<input type=\"hidden\" name=\"filter_type\" value=\"\" \/>\n<\/form>\t\t\t\t\t\t<\/div><!-- \/.section__form -->\n\t\t\t\t\t<\/aside><!-- \/.section__aside -->\n\t\t\t\t<\/div><!-- \/.section__inner -->\n\t\t\t<\/div><!-- \/.shell -->\n\t\t<\/section><!-- \/.section-filter -->\n\n\t\t<section class=\"section-heading\">\n\t\t\t<div class=\"section__bg image-fit js-image-fit\">\n\t\t\t<img fetchpriority=\"high\" decoding=\"async\" width=\"1440\" height=\"400\" src=\"https:\/\/forneyonline.com\/wp-content\/uploads\/2023\/02\/section-resources-hero.webp\" class=\"attachment-full size-full\" alt=\"\" srcset=\"https:\/\/forneyonline.com\/wp-content\/uploads\/2023\/02\/section-resources-hero.webp 1440w, https:\/\/forneyonline.com\/wp-content\/uploads\/2023\/02\/section-resources-hero-300x83.webp 300w, https:\/\/forneyonline.com\/wp-content\/uploads\/2023\/02\/section-resources-hero-1024x284.webp 1024w, https:\/\/forneyonline.com\/wp-content\/uploads\/2023\/02\/section-resources-hero-768x213.webp 768w\" sizes=\"(max-width: 1440px) 100vw, 1440px\" \/>\t\t<\/div><!-- \/.section__bg -->\n\t\n\t<div class=\"shell shell--small\">\n\t\t\t\t\t<div class=\"section__subtitle\">\n\t\t\t\t<p>BLOG DESTACADO<\/p>\n\t\t\t<\/div><!-- \/.section__subtitle -->\n\t\t\n\t\t<div class=\"section__content\">\n\t\t\t<h1>\n\t\t\t\t<a href=\"https:\/\/forneyonline.com\/es\/metodo-de-madurez-del-hormigon-la-tradicion-permite-la-innovacion\/\">\n\t\t\t\t\tM\u00c9TODO DE MADUREZ DEL HORMIG\u00d3N: LA TRADICI\u00d3N PERMITE LA INNOVACI\u00d3N\t\t\t\t<\/a>\n\t\t\t<\/h1>\n\t\t<\/div><!-- \/.section__content -->\n\t<\/div><!-- \/.shell -->\n<\/section><!-- \/.section-heading -->\n\t\t<section class=\"section-grid section-grid--resources\">\n\t\t\t<div class=\"shell\">\n\t\t\t\t\t\t\t\t\n\t\t\t\t<div class=\"section__content\">\n\t\t\t\t\t\t\t\t\t\t\t<div class=\"articles\">\n\t\t\t\t\t\t\t<div class=\"articles__items\">\n\t\t\t\t\t\t\t\t<div class=\"articles__item\">\n\t<div class=\"article article--news\">\n\t\t<div class=\"article__image image-fit js-image-fit\">\n\t\t\t<a href=\"https:\/\/forneyonline.com\/es\/news\/forney-lp-granted-patent-for-innovation-in-forneyvault-cmt-software\/\">\n\t\t\t\t<img decoding=\"async\" width=\"347\" height=\"206\" src=\"https:\/\/forneyonline.com\/wp-content\/uploads\/2021\/08\/resource4.webp\" class=\"attachment-large size-large wp-post-image\" alt=\"\" srcset=\"https:\/\/forneyonline.com\/wp-content\/uploads\/2021\/08\/resource4.webp 347w, https:\/\/forneyonline.com\/wp-content\/uploads\/2021\/08\/resource4-300x178.webp 300w\" sizes=\"(max-width: 347px) 100vw, 347px\" \/>\t\t\t<\/a>\n\t\t<\/div><!-- \/.article__image -->\n\n\t\t<div class=\"article__content\">\n\t\t\t<div class=\"article__meta\">\n\t\t\t\tNEWS\t\t\t<\/div><!-- \/.article__meta -->\n\n\t\t\t<div class=\"article__title\">\n\t\t\t\t<a href=\"https:\/\/forneyonline.com\/es\/news\/forney-lp-granted-patent-for-innovation-in-forneyvault-cmt-software\/\">\n\t\t\t\t\tForney LP Granted Patent for Innovation in ForneyVault\u00ae CMT Software\t\t\t\t<\/a>\n\t\t\t<\/div><!-- \/.article__title -->\n\t\t<\/div><!-- \/.article__content -->\n\t<\/div><!-- \/.article -->\n<\/div><!-- \/.articles__item -->\n<div class=\"articles__item\">\n\t<div class=\"article \">\n\t\t<div class=\"article__image image-fit js-image-fit\">\n\t\t\t<a href=\"https:\/\/forneyonline.com\/es\/metodo-de-madurez-del-hormigon-la-tradicion-permite-la-innovacion\/\">\n\t\t\t\t<img decoding=\"async\" width=\"768\" height=\"402\" src=\"https:\/\/forneyonline.com\/wp-content\/uploads\/2023\/02\/Maturity_Feature-Image-768x402.jpg\" class=\"attachment-medium_large size-medium_large wp-post-image\" alt=\"\" srcset=\"https:\/\/forneyonline.com\/wp-content\/uploads\/2023\/02\/Maturity_Feature-Image-768x402.jpg 768w, https:\/\/forneyonline.com\/wp-content\/uploads\/2023\/02\/Maturity_Feature-Image-300x157.jpg 300w, https:\/\/forneyonline.com\/wp-content\/uploads\/2023\/02\/Maturity_Feature-Image-1024x536.jpg 1024w, https:\/\/forneyonline.com\/wp-content\/uploads\/2023\/02\/Maturity_Feature-Image.jpg 1200w\" sizes=\"(max-width: 768px) 100vw, 768px\" \/>\t\t\t<\/a>\n\t\t<\/div><!-- \/.article__image -->\n\n\t\t<div class=\"article__content\">\n\t\t\t<div class=\"article__meta\">\n\t\t\t\tBLOG\t\t\t<\/div><!-- \/.article__meta -->\n\n\t\t\t<div class=\"article__title\">\n\t\t\t\t<a href=\"https:\/\/forneyonline.com\/es\/metodo-de-madurez-del-hormigon-la-tradicion-permite-la-innovacion\/\">\n\t\t\t\t\tM\u00c9TODO DE MADUREZ DEL HORMIG\u00d3N: LA TRADICI\u00d3N PERMITE LA INNOVACI\u00d3N\t\t\t\t<\/a>\n\t\t\t<\/div><!-- \/.article__title -->\n\t\t<\/div><!-- \/.article__content -->\n\t<\/div><!-- \/.article -->\n<\/div><!-- \/.articles__item -->\n<div class=\"articles__item\">\n\t<div class=\"article \">\n\t\t<div class=\"article__image image-fit js-image-fit\">\n\t\t\t<a href=\"https:\/\/forneyonline.com\/es\/maquinas-de-ensayo-de-materiales-cual-es-la-adecuada-para-usted\/\">\n\t\t\t\t<img loading=\"lazy\" decoding=\"async\" width=\"768\" height=\"402\" src=\"https:\/\/forneyonline.com\/wp-content\/uploads\/2023\/02\/Material-testing-machines_feature-768x402.jpg\" class=\"attachment-medium_large size-medium_large wp-post-image\" alt=\"\" srcset=\"https:\/\/forneyonline.com\/wp-content\/uploads\/2023\/02\/Material-testing-machines_feature-768x402.jpg 768w, https:\/\/forneyonline.com\/wp-content\/uploads\/2023\/02\/Material-testing-machines_feature-300x157.jpg 300w, https:\/\/forneyonline.com\/wp-content\/uploads\/2023\/02\/Material-testing-machines_feature-1024x536.jpg 1024w, https:\/\/forneyonline.com\/wp-content\/uploads\/2023\/02\/Material-testing-machines_feature.jpg 1200w\" sizes=\"(max-width: 768px) 100vw, 768px\" \/>\t\t\t<\/a>\n\t\t<\/div><!-- \/.article__image -->\n\n\t\t<div class=\"article__content\">\n\t\t\t<div class=\"article__meta\">\n\t\t\t\tBLOG\t\t\t<\/div><!-- \/.article__meta -->\n\n\t\t\t<div class=\"article__title\">\n\t\t\t\t<a href=\"https:\/\/forneyonline.com\/es\/maquinas-de-ensayo-de-materiales-cual-es-la-adecuada-para-usted\/\">\n\t\t\t\t\tM\u00c1QUINAS DE ENSAYO DE MATERIALES: \u00bfCU\u00c1L ES LA ADECUADA PARA USTED?\t\t\t\t<\/a>\n\t\t\t<\/div><!-- \/.article__title -->\n\t\t<\/div><!-- \/.article__content -->\n\t<\/div><!-- \/.article -->\n<\/div><!-- \/.articles__item -->\n\t\t\t\t\t\t\t<\/div><!-- \/.articles__items -->\n\t\t\t\t\t\t<\/div><!-- \/.articles -->\n\t\t\t\t\t\t\t\t\t<\/div><!-- \/.section__content -->\n\n\t\t\t\t\t\t\t<\/div><!-- \/.shell -->\n\t\t<\/section><!-- \/.section-grid -->\n\n\t\t\t\t\t\t<\/div>\n\t\t\t\t<\/div>\n\t\t\t\t<\/div>\n\t\t<div class=\"elementor-element elementor-element-8414a72 e-con-full e-flex e-con e-parent\" data-id=\"8414a72\" data-element_type=\"container\">\n\t\t\t\t<div class=\"elementor-element elementor-element-b8318f5 elementor-widget elementor-widget-shortcode\" data-id=\"b8318f5\" data-element_type=\"widget\" data-widget_type=\"shortcode.default\">\n\t\t\t\t<div class=\"elementor-widget-container\">\n\t\t\t\t\t\t\t<div class=\"elementor-shortcode\">\t\t<div data-elementor-type=\"container\" data-elementor-id=\"2959\" class=\"elementor elementor-2959 elementor-821\" data-elementor-post-type=\"elementor_library\">\n\t\t\t\t<div class=\"elementor-element elementor-element-5a2c7f5c e-flex e-con-boxed e-con e-parent\" data-id=\"5a2c7f5c\" data-element_type=\"container\" data-settings=\"{&quot;background_background&quot;:&quot;classic&quot;}\">\n\t\t\t\t\t<div class=\"e-con-inner\">\n\t\t\t\t<div class=\"elementor-element elementor-element-2cee63b elementor-widget elementor-widget-heading\" data-id=\"2cee63b\" data-element_type=\"widget\" data-widget_type=\"heading.default\">\n\t\t\t\t<div class=\"elementor-widget-container\">\n\t\t\t\t\t<h2 class=\"elementor-heading-title elementor-size-default\">RECIBAS LAS \u00daLTIMAS NOVEDADES DE FORNEY EN SU BANDEJA DE ENTRADA<\/h2>\t\t\t\t<\/div>\n\t\t\t\t<\/div>\n\t\t\t\t<div class=\"elementor-element elementor-element-92d98a4 elementor-widget elementor-widget-text-editor\" data-id=\"92d98a4\" data-element_type=\"widget\" data-widget_type=\"text-editor.default\">\n\t\t\t\t<div class=\"elementor-widget-container\">\n\t\t\t\t\t\t\t\t\t<p>Ingrese su correo electr\u00f3nico a continuaci\u00f3n para suscribirse al bolet\u00edn de Forney.<\/p>\t\t\t\t\t\t\t\t<\/div>\n\t\t\t\t<\/div>\n\t\t\t\t<div class=\"elementor-element elementor-element-73fa4c4 elementor-widget elementor-widget-html\" data-id=\"73fa4c4\" data-element_type=\"widget\" data-widget_type=\"html.default\">\n\t\t\t\t<div class=\"elementor-widget-container\">\n\t\t\t\t\t<script charset=\"utf-8\" type=\"text\/javascript\" src=\"\/\/js.hsforms.net\/forms\/shell.js\"><\/script> <script>\r\nhbspt.forms.create({\r\nportalId: \"7040215\",\r\nformId: \"833ff817-c2ec-4667-9ae8-aea74b057f7b\"\r\n});\r\n<\/script>\t\t\t\t<\/div>\n\t\t\t\t<\/div>\n\t\t\t\t\t<\/div>\n\t\t\t\t<\/div>\n\t\t\t\t<\/div>\n\t\t<\/div>\n\t\t\t\t\t\t<\/div>\n\t\t\t\t<\/div>\n\t\t\t\t<\/div>\n\t\t\t\t<\/div>\n\t\t","protected":false},"excerpt":{"rendered":"","protected":false},"author":1,"featured_media":0,"parent":0,"menu_order":0,"comment_status":"closed","ping_status":"closed","template":"templates\/resources.php","meta":{"_acf_changed":false,"content-type":"","footnotes":""},"class_list":["post-2994","page","type-page","status-publish","hentry"],"acf":[],"yoast_head":"<!-- This site is optimized with the Yoast SEO plugin v25.6 - https:\/\/yoast.com\/wordpress\/plugins\/seo\/ -->\n<title>Todos los recursos - art\u00edculos y noticias<\/title>\n<meta name=\"description\" content=\"Explora todos los recursos. Recibas las \u00faltimas novedades de forney en su bandeja de entrada.\" \/>\n<meta name=\"robots\" content=\"index, follow, max-snippet:-1, max-image-preview:large, max-video-preview:-1\" \/>\n<link rel=\"canonical\" href=\"https:\/\/forneyonline.com\/es\/resources\/\" \/>\n<meta property=\"og:locale\" content=\"es_ES\" \/>\n<meta property=\"og:type\" content=\"article\" \/>\n<meta property=\"og:title\" content=\"Todos los recursos - art\u00edculos y noticias\" \/>\n<meta property=\"og:description\" content=\"Explora todos los recursos. Recibas las \u00faltimas novedades de forney en su bandeja de entrada.\" \/>\n<meta property=\"og:url\" content=\"https:\/\/forneyonline.com\/es\/resources\/\" \/>\n<meta property=\"og:site_name\" content=\"Forney Online\" \/>\n<meta property=\"article:modified_time\" content=\"2023-11-28T16:30:39+00:00\" \/>\n<meta name=\"twitter:card\" content=\"summary_large_image\" \/>\n<script type=\"application\/ld+json\" class=\"yoast-schema-graph\">{\"@context\":\"https:\/\/schema.org\",\"@graph\":[{\"@type\":\"WebPage\",\"@id\":\"https:\/\/forneyonline.com\/es\/resources\/\",\"url\":\"https:\/\/forneyonline.com\/es\/resources\/\",\"name\":\"Todos los recursos - art\u00edculos y noticias\",\"isPartOf\":{\"@id\":\"https:\/\/forneyonline.com\/#website\"},\"datePublished\":\"2023-02-21T08:53:04+00:00\",\"dateModified\":\"2023-11-28T16:30:39+00:00\",\"description\":\"Explora todos los recursos. Recibas las \u00faltimas novedades de forney en su bandeja de entrada.\",\"breadcrumb\":{\"@id\":\"https:\/\/forneyonline.com\/es\/resources\/#breadcrumb\"},\"inLanguage\":\"es\",\"potentialAction\":[{\"@type\":\"ReadAction\",\"target\":[\"https:\/\/forneyonline.com\/es\/resources\/\"]}]},{\"@type\":\"BreadcrumbList\",\"@id\":\"https:\/\/forneyonline.com\/es\/resources\/#breadcrumb\",\"itemListElement\":[{\"@type\":\"ListItem\",\"position\":1,\"name\":\"Home\",\"item\":\"https:\/\/forneyonline.com\/es\/\"},{\"@type\":\"ListItem\",\"position\":2,\"name\":\"resources\"}]},{\"@type\":\"WebSite\",\"@id\":\"https:\/\/forneyonline.com\/#website\",\"url\":\"https:\/\/forneyonline.com\/\",\"name\":\"Forney Online\",\"description\":\"\",\"publisher\":{\"@id\":\"https:\/\/forneyonline.com\/#organization\"},\"potentialAction\":[{\"@type\":\"SearchAction\",\"target\":{\"@type\":\"EntryPoint\",\"urlTemplate\":\"https:\/\/forneyonline.com\/?s={search_term_string}\"},\"query-input\":{\"@type\":\"PropertyValueSpecification\",\"valueRequired\":true,\"valueName\":\"search_term_string\"}}],\"inLanguage\":\"es\"},{\"@type\":\"Organization\",\"@id\":\"https:\/\/forneyonline.com\/#organization\",\"name\":\"Forney Online\",\"url\":\"https:\/\/forneyonline.com\/\",\"logo\":{\"@type\":\"ImageObject\",\"inLanguage\":\"es\",\"@id\":\"https:\/\/forneyonline.com\/#\/schema\/logo\/image\/\",\"url\":\"https:\/\/forneyonline.com\/wp-content\/uploads\/2024\/03\/ForneyLogo_Black.png\",\"contentUrl\":\"https:\/\/forneyonline.com\/wp-content\/uploads\/2024\/03\/ForneyLogo_Black.png\",\"width\":1024,\"height\":178,\"caption\":\"Forney Online\"},\"image\":{\"@id\":\"https:\/\/forneyonline.com\/#\/schema\/logo\/image\/\"}}]}<\/script>\n<!-- \/ Yoast SEO plugin. -->","yoast_head_json":{"title":"Todos los recursos - art\u00edculos y noticias","description":"Explora todos los recursos. Recibas las \u00faltimas novedades de forney en su bandeja de entrada.","robots":{"index":"index","follow":"follow","max-snippet":"max-snippet:-1","max-image-preview":"max-image-preview:large","max-video-preview":"max-video-preview:-1"},"canonical":"https:\/\/forneyonline.com\/es\/resources\/","og_locale":"es_ES","og_type":"article","og_title":"Todos los recursos - art\u00edculos y noticias","og_description":"Explora todos los recursos. Recibas las \u00faltimas novedades de forney en su bandeja de entrada.","og_url":"https:\/\/forneyonline.com\/es\/resources\/","og_site_name":"Forney Online","article_modified_time":"2023-11-28T16:30:39+00:00","twitter_card":"summary_large_image","schema":{"@context":"https:\/\/schema.org","@graph":[{"@type":"WebPage","@id":"https:\/\/forneyonline.com\/es\/resources\/","url":"https:\/\/forneyonline.com\/es\/resources\/","name":"Todos los recursos - art\u00edculos y noticias","isPartOf":{"@id":"https:\/\/forneyonline.com\/#website"},"datePublished":"2023-02-21T08:53:04+00:00","dateModified":"2023-11-28T16:30:39+00:00","description":"Explora todos los recursos. Recibas las \u00faltimas novedades de forney en su bandeja de entrada.","breadcrumb":{"@id":"https:\/\/forneyonline.com\/es\/resources\/#breadcrumb"},"inLanguage":"es","potentialAction":[{"@type":"ReadAction","target":["https:\/\/forneyonline.com\/es\/resources\/"]}]},{"@type":"BreadcrumbList","@id":"https:\/\/forneyonline.com\/es\/resources\/#breadcrumb","itemListElement":[{"@type":"ListItem","position":1,"name":"Home","item":"https:\/\/forneyonline.com\/es\/"},{"@type":"ListItem","position":2,"name":"resources"}]},{"@type":"WebSite","@id":"https:\/\/forneyonline.com\/#website","url":"https:\/\/forneyonline.com\/","name":"Forney Online","description":"","publisher":{"@id":"https:\/\/forneyonline.com\/#organization"},"potentialAction":[{"@type":"SearchAction","target":{"@type":"EntryPoint","urlTemplate":"https:\/\/forneyonline.com\/?s={search_term_string}"},"query-input":{"@type":"PropertyValueSpecification","valueRequired":true,"valueName":"search_term_string"}}],"inLanguage":"es"},{"@type":"Organization","@id":"https:\/\/forneyonline.com\/#organization","name":"Forney Online","url":"https:\/\/forneyonline.com\/","logo":{"@type":"ImageObject","inLanguage":"es","@id":"https:\/\/forneyonline.com\/#\/schema\/logo\/image\/","url":"https:\/\/forneyonline.com\/wp-content\/uploads\/2024\/03\/ForneyLogo_Black.png","contentUrl":"https:\/\/forneyonline.com\/wp-content\/uploads\/2024\/03\/ForneyLogo_Black.png","width":1024,"height":178,"caption":"Forney Online"},"image":{"@id":"https:\/\/forneyonline.com\/#\/schema\/logo\/image\/"}}]}},"_links":{"self":[{"href":"https:\/\/forneyonline.com\/es\/wp-json\/wp\/v2\/pages\/2994","targetHints":{"allow":["GET"]}}],"collection":[{"href":"https:\/\/forneyonline.com\/es\/wp-json\/wp\/v2\/pages"}],"about":[{"href":"https:\/\/forneyonline.com\/es\/wp-json\/wp\/v2\/types\/page"}],"author":[{"embeddable":true,"href":"https:\/\/forneyonline.com\/es\/wp-json\/wp\/v2\/users\/1"}],"replies":[{"embeddable":true,"href":"https:\/\/forneyonline.com\/es\/wp-json\/wp\/v2\/comments?post=2994"}],"version-history":[{"count":0,"href":"https:\/\/forneyonline.com\/es\/wp-json\/wp\/v2\/pages\/2994\/revisions"}],"wp:attachment":[{"href":"https:\/\/forneyonline.com\/es\/wp-json\/wp\/v2\/media?parent=2994"}],"curies":[{"name":"wp","href":"https:\/\/api.w.org\/{rel}","templated":true}]}}