{"id":3037,"date":"2023-02-21T14:19:47","date_gmt":"2023-02-21T14:19:47","guid":{"rendered":"https:\/\/forneyonline.com\/?page_id=3037"},"modified":"2023-03-31T11:13:04","modified_gmt":"2023-03-31T11:13:04","slug":"contactenos","status":"publish","type":"page","link":"https:\/\/forneyonline.com\/es\/contactenos\/","title":{"rendered":"CONT\u00c1CTENOS"},"content":{"rendered":"\t\t<div data-elementor-type=\"wp-page\" data-elementor-id=\"3037\" class=\"elementor elementor-3037 elementor-51\" data-elementor-post-type=\"page\">\n\t\t\t\t<div class=\"elementor-element elementor-element-0254b19 e-flex e-con-boxed e-con e-parent\" data-id=\"0254b19\" data-element_type=\"container\" data-settings=\"{&quot;background_background&quot;:&quot;gradient&quot;}\">\n\t\t\t\t\t<div class=\"e-con-inner\">\n\t\t\t\t<div class=\"elementor-element elementor-element-5d02e66 elementor-widget elementor-widget-heading\" data-id=\"5d02e66\" data-element_type=\"widget\" data-widget_type=\"heading.default\">\n\t\t\t\t<div class=\"elementor-widget-container\">\n\t\t\t\t\t<h1 class=\"elementor-heading-title elementor-size-default\">CONT\u00c1CTENOS\n<\/h1>\t\t\t\t<\/div>\n\t\t\t\t<\/div>\n\t\t\t\t\t<\/div>\n\t\t\t\t<\/div>\n\t\t<div class=\"elementor-element elementor-element-42bdce3 e-flex e-con-boxed e-con e-parent\" data-id=\"42bdce3\" data-element_type=\"container\">\n\t\t\t\t\t<div class=\"e-con-inner\">\n\t\t<div class=\"elementor-element elementor-element-88ffef2 e-con-full e-flex e-con e-parent\" data-id=\"88ffef2\" data-element_type=\"container\">\n\t\t\t\t<div class=\"elementor-element elementor-element-66ff272 elementor-widget elementor-widget-heading\" data-id=\"66ff272\" data-element_type=\"widget\" data-widget_type=\"heading.default\">\n\t\t\t\t<div class=\"elementor-widget-container\">\n\t\t\t\t\t<h2 class=\"elementor-heading-title elementor-size-default\">H\u00e1ganos saber c\u00f3mo podemos ayudar. Puede comunicarse con nosotros por correo, tel\u00e9fono o completando este formulario. Siempre estamos listos para satisfacer sus necesidades de pruebas de materiales de construcci\u00f3n.\n\n<\/h2>\t\t\t\t<\/div>\n\t\t\t\t<\/div>\n\t\t\t\t<div class=\"elementor-element elementor-element-f83b0c3 elementor-widget elementor-widget-html\" data-id=\"f83b0c3\" data-element_type=\"widget\" data-widget_type=\"html.default\">\n\t\t\t\t<div class=\"elementor-widget-container\">\n\t\t\t\t\t<script charset=\"utf-8\" type=\"text\/javascript\" src=\"\/\/js.hsforms.net\/forms\/shell.js\"><\/script> <script>\r\nhbspt.forms.create({\r\nportalId: \"7040215\",\r\nformId: \"91ea25a7-a4ee-4654-89eb-5dc9e717da6e\"\r\n});\r\n<\/script>\t\t\t\t<\/div>\n\t\t\t\t<\/div>\n\t\t\t\t<\/div>\n\t\t<div class=\"elementor-element elementor-element-9d1cc2a e-con-full e-flex e-con e-parent\" data-id=\"9d1cc2a\" data-element_type=\"container\">\n\t\t\t\t<div class=\"elementor-element elementor-element-c991d24 elementor-widget elementor-widget-text-editor\" data-id=\"c991d24\" data-element_type=\"widget\" data-widget_type=\"text-editor.default\">\n\t\t\t\t<div class=\"elementor-widget-container\">\n\t\t\t\t\t\t\t\t\t<p>Forney LP<br \/>2050 Jackson\u2019s Pointe Court<br \/>Zelienople, PA 16063<br \/><a href=\"tel:7243467400\">724-346-7400<\/a><br \/><a href=\"tel:8003676397\">800-367-6397<\/a><\/p>\t\t\t\t\t\t\t\t<\/div>\n\t\t\t\t<\/div>\n\t\t\t\t<\/div>\n\t\t\t\t\t<\/div>\n\t\t\t\t<\/div>\n\t\t<div class=\"elementor-element elementor-element-cb2c02d e-con-full e-flex e-con e-parent\" data-id=\"cb2c02d\" data-element_type=\"container\">\n\t\t\t\t<div class=\"elementor-element elementor-element-2b15250 elementor-widget elementor-widget-shortcode\" data-id=\"2b15250\" data-element_type=\"widget\" data-widget_type=\"shortcode.default\">\n\t\t\t\t<div class=\"elementor-widget-container\">\n\t\t\t\t\t\t\t<div class=\"elementor-shortcode\">\t\t<div data-elementor-type=\"container\" data-elementor-id=\"2959\" class=\"elementor elementor-2959 elementor-821\" data-elementor-post-type=\"elementor_library\">\n\t\t\t\t<div class=\"elementor-element elementor-element-5a2c7f5c e-flex e-con-boxed e-con e-parent\" data-id=\"5a2c7f5c\" data-element_type=\"container\" data-settings=\"{&quot;background_background&quot;:&quot;classic&quot;}\">\n\t\t\t\t\t<div class=\"e-con-inner\">\n\t\t\t\t<div class=\"elementor-element elementor-element-2cee63b elementor-widget elementor-widget-heading\" data-id=\"2cee63b\" data-element_type=\"widget\" data-widget_type=\"heading.default\">\n\t\t\t\t<div class=\"elementor-widget-container\">\n\t\t\t\t\t<h2 class=\"elementor-heading-title elementor-size-default\">RECIBAS LAS \u00daLTIMAS NOVEDADES DE FORNEY EN SU BANDEJA DE ENTRADA<\/h2>\t\t\t\t<\/div>\n\t\t\t\t<\/div>\n\t\t\t\t<div class=\"elementor-element elementor-element-92d98a4 elementor-widget elementor-widget-text-editor\" data-id=\"92d98a4\" data-element_type=\"widget\" data-widget_type=\"text-editor.default\">\n\t\t\t\t<div class=\"elementor-widget-container\">\n\t\t\t\t\t\t\t\t\t<p>Ingrese su correo electr\u00f3nico a continuaci\u00f3n para suscribirse al bolet\u00edn de Forney.<\/p>\t\t\t\t\t\t\t\t<\/div>\n\t\t\t\t<\/div>\n\t\t\t\t<div class=\"elementor-element elementor-element-73fa4c4 elementor-widget elementor-widget-html\" data-id=\"73fa4c4\" data-element_type=\"widget\" data-widget_type=\"html.default\">\n\t\t\t\t<div class=\"elementor-widget-container\">\n\t\t\t\t\t<script charset=\"utf-8\" type=\"text\/javascript\" src=\"\/\/js.hsforms.net\/forms\/shell.js\"><\/script> <script>\r\nhbspt.forms.create({\r\nportalId: \"7040215\",\r\nformId: \"833ff817-c2ec-4667-9ae8-aea74b057f7b\"\r\n});\r\n<\/script>\t\t\t\t<\/div>\n\t\t\t\t<\/div>\n\t\t\t\t\t<\/div>\n\t\t\t\t<\/div>\n\t\t\t\t<\/div>\n\t\t<\/div>\n\t\t\t\t\t\t<\/div>\n\t\t\t\t<\/div>\n\t\t\t\t<\/div>\n\t\t\t\t<\/div>\n\t\t","protected":false},"excerpt":{"rendered":"<p>CONT\u00c1CTENOS H\u00e1ganos saber c\u00f3mo podemos ayudar. Puede comunicarse con nosotros por correo, tel\u00e9fono o completando este formulario. Siempre estamos listos para satisfacer sus necesidades de pruebas de materiales de construcci\u00f3n. Forney LP2050 Jackson\u2019s Pointe CourtZelienople, PA 16063724-346-7400800-367-6397<\/p>\n","protected":false},"author":1,"featured_media":0,"parent":0,"menu_order":0,"comment_status":"closed","ping_status":"closed","template":"","meta":{"_acf_changed":false,"content-type":"","footnotes":""},"class_list":["post-3037","page","type-page","status-publish","hentry"],"acf":[],"yoast_head":"<!-- This site is optimized with the Yoast SEO plugin v25.6 - https:\/\/yoast.com\/wordpress\/plugins\/seo\/ -->\n<title>CONT\u00c1CTENOS | Forney Online<\/title>\n<meta name=\"description\" content=\"H\u00e1ganos saber c\u00f3mo podemos ayudar. Siempre estamos listos para satisfacer sus necesidades de pruebas de materiales de construcci\u00f3n.\" \/>\n<meta name=\"robots\" content=\"index, follow, max-snippet:-1, max-image-preview:large, max-video-preview:-1\" \/>\n<link rel=\"canonical\" href=\"https:\/\/forneyonline.com\/es\/contactenos\/\" \/>\n<meta property=\"og:locale\" content=\"es_ES\" \/>\n<meta property=\"og:type\" content=\"article\" \/>\n<meta property=\"og:title\" content=\"CONT\u00c1CTENOS | Forney Online\" \/>\n<meta property=\"og:description\" content=\"H\u00e1ganos saber c\u00f3mo podemos ayudar. Siempre estamos listos para satisfacer sus necesidades de pruebas de materiales de construcci\u00f3n.\" \/>\n<meta property=\"og:url\" content=\"https:\/\/forneyonline.com\/es\/contactenos\/\" \/>\n<meta property=\"og:site_name\" content=\"Forney Online\" \/>\n<meta property=\"article:modified_time\" content=\"2023-03-31T11:13:04+00:00\" \/>\n<meta name=\"twitter:card\" content=\"summary_large_image\" \/>\n<script type=\"application\/ld+json\" class=\"yoast-schema-graph\">{\"@context\":\"https:\/\/schema.org\",\"@graph\":[{\"@type\":\"WebPage\",\"@id\":\"https:\/\/forneyonline.com\/es\/contactenos\/\",\"url\":\"https:\/\/forneyonline.com\/es\/contactenos\/\",\"name\":\"CONT\u00c1CTENOS | Forney Online\",\"isPartOf\":{\"@id\":\"https:\/\/forneyonline.com\/#website\"},\"datePublished\":\"2023-02-21T14:19:47+00:00\",\"dateModified\":\"2023-03-31T11:13:04+00:00\",\"description\":\"H\u00e1ganos saber c\u00f3mo podemos ayudar. Siempre estamos listos para satisfacer sus necesidades de pruebas de materiales de construcci\u00f3n.\",\"breadcrumb\":{\"@id\":\"https:\/\/forneyonline.com\/es\/contactenos\/#breadcrumb\"},\"inLanguage\":\"es\",\"potentialAction\":[{\"@type\":\"ReadAction\",\"target\":[\"https:\/\/forneyonline.com\/es\/contactenos\/\"]}]},{\"@type\":\"BreadcrumbList\",\"@id\":\"https:\/\/forneyonline.com\/es\/contactenos\/#breadcrumb\",\"itemListElement\":[{\"@type\":\"ListItem\",\"position\":1,\"name\":\"Home\",\"item\":\"https:\/\/forneyonline.com\/es\/\"},{\"@type\":\"ListItem\",\"position\":2,\"name\":\"CONT\u00c1CTENOS\"}]},{\"@type\":\"WebSite\",\"@id\":\"https:\/\/forneyonline.com\/#website\",\"url\":\"https:\/\/forneyonline.com\/\",\"name\":\"Forney Online\",\"description\":\"\",\"publisher\":{\"@id\":\"https:\/\/forneyonline.com\/#organization\"},\"potentialAction\":[{\"@type\":\"SearchAction\",\"target\":{\"@type\":\"EntryPoint\",\"urlTemplate\":\"https:\/\/forneyonline.com\/?s={search_term_string}\"},\"query-input\":{\"@type\":\"PropertyValueSpecification\",\"valueRequired\":true,\"valueName\":\"search_term_string\"}}],\"inLanguage\":\"es\"},{\"@type\":\"Organization\",\"@id\":\"https:\/\/forneyonline.com\/#organization\",\"name\":\"Forney Online\",\"url\":\"https:\/\/forneyonline.com\/\",\"logo\":{\"@type\":\"ImageObject\",\"inLanguage\":\"es\",\"@id\":\"https:\/\/forneyonline.com\/#\/schema\/logo\/image\/\",\"url\":\"https:\/\/forneyonline.com\/wp-content\/uploads\/2024\/03\/ForneyLogo_Black.png\",\"contentUrl\":\"https:\/\/forneyonline.com\/wp-content\/uploads\/2024\/03\/ForneyLogo_Black.png\",\"width\":1024,\"height\":178,\"caption\":\"Forney Online\"},\"image\":{\"@id\":\"https:\/\/forneyonline.com\/#\/schema\/logo\/image\/\"}}]}<\/script>\n<!-- \/ Yoast SEO plugin. -->","yoast_head_json":{"title":"CONT\u00c1CTENOS | Forney Online","description":"H\u00e1ganos saber c\u00f3mo podemos ayudar. Siempre estamos listos para satisfacer sus necesidades de pruebas de materiales de construcci\u00f3n.","robots":{"index":"index","follow":"follow","max-snippet":"max-snippet:-1","max-image-preview":"max-image-preview:large","max-video-preview":"max-video-preview:-1"},"canonical":"https:\/\/forneyonline.com\/es\/contactenos\/","og_locale":"es_ES","og_type":"article","og_title":"CONT\u00c1CTENOS | Forney Online","og_description":"H\u00e1ganos saber c\u00f3mo podemos ayudar. Siempre estamos listos para satisfacer sus necesidades de pruebas de materiales de construcci\u00f3n.","og_url":"https:\/\/forneyonline.com\/es\/contactenos\/","og_site_name":"Forney Online","article_modified_time":"2023-03-31T11:13:04+00:00","twitter_card":"summary_large_image","schema":{"@context":"https:\/\/schema.org","@graph":[{"@type":"WebPage","@id":"https:\/\/forneyonline.com\/es\/contactenos\/","url":"https:\/\/forneyonline.com\/es\/contactenos\/","name":"CONT\u00c1CTENOS | Forney Online","isPartOf":{"@id":"https:\/\/forneyonline.com\/#website"},"datePublished":"2023-02-21T14:19:47+00:00","dateModified":"2023-03-31T11:13:04+00:00","description":"H\u00e1ganos saber c\u00f3mo podemos ayudar. Siempre estamos listos para satisfacer sus necesidades de pruebas de materiales de construcci\u00f3n.","breadcrumb":{"@id":"https:\/\/forneyonline.com\/es\/contactenos\/#breadcrumb"},"inLanguage":"es","potentialAction":[{"@type":"ReadAction","target":["https:\/\/forneyonline.com\/es\/contactenos\/"]}]},{"@type":"BreadcrumbList","@id":"https:\/\/forneyonline.com\/es\/contactenos\/#breadcrumb","itemListElement":[{"@type":"ListItem","position":1,"name":"Home","item":"https:\/\/forneyonline.com\/es\/"},{"@type":"ListItem","position":2,"name":"CONT\u00c1CTENOS"}]},{"@type":"WebSite","@id":"https:\/\/forneyonline.com\/#website","url":"https:\/\/forneyonline.com\/","name":"Forney Online","description":"","publisher":{"@id":"https:\/\/forneyonline.com\/#organization"},"potentialAction":[{"@type":"SearchAction","target":{"@type":"EntryPoint","urlTemplate":"https:\/\/forneyonline.com\/?s={search_term_string}"},"query-input":{"@type":"PropertyValueSpecification","valueRequired":true,"valueName":"search_term_string"}}],"inLanguage":"es"},{"@type":"Organization","@id":"https:\/\/forneyonline.com\/#organization","name":"Forney Online","url":"https:\/\/forneyonline.com\/","logo":{"@type":"ImageObject","inLanguage":"es","@id":"https:\/\/forneyonline.com\/#\/schema\/logo\/image\/","url":"https:\/\/forneyonline.com\/wp-content\/uploads\/2024\/03\/ForneyLogo_Black.png","contentUrl":"https:\/\/forneyonline.com\/wp-content\/uploads\/2024\/03\/ForneyLogo_Black.png","width":1024,"height":178,"caption":"Forney Online"},"image":{"@id":"https:\/\/forneyonline.com\/#\/schema\/logo\/image\/"}}]}},"_links":{"self":[{"href":"https:\/\/forneyonline.com\/es\/wp-json\/wp\/v2\/pages\/3037","targetHints":{"allow":["GET"]}}],"collection":[{"href":"https:\/\/forneyonline.com\/es\/wp-json\/wp\/v2\/pages"}],"about":[{"href":"https:\/\/forneyonline.com\/es\/wp-json\/wp\/v2\/types\/page"}],"author":[{"embeddable":true,"href":"https:\/\/forneyonline.com\/es\/wp-json\/wp\/v2\/users\/1"}],"replies":[{"embeddable":true,"href":"https:\/\/forneyonline.com\/es\/wp-json\/wp\/v2\/comments?post=3037"}],"version-history":[{"count":0,"href":"https:\/\/forneyonline.com\/es\/wp-json\/wp\/v2\/pages\/3037\/revisions"}],"wp:attachment":[{"href":"https:\/\/forneyonline.com\/es\/wp-json\/wp\/v2\/media?parent=3037"}],"curies":[{"name":"wp","href":"https:\/\/api.w.org\/{rel}","templated":true}]}}