{"id":3045,"date":"2023-02-21T08:54:27","date_gmt":"2023-02-21T08:54:27","guid":{"rendered":"https:\/\/forneyonline.com\/?page_id=3045"},"modified":"2023-03-31T11:19:50","modified_gmt":"2023-03-31T11:19:50","slug":"preguntas-frecuentes","status":"publish","type":"page","link":"https:\/\/forneyonline.com\/es\/preguntas-frecuentes\/","title":{"rendered":"PREGUNTAS FRECUENTES"},"content":{"rendered":"\t\t<div data-elementor-type=\"wp-page\" data-elementor-id=\"3045\" class=\"elementor elementor-3045 elementor-37\" data-elementor-post-type=\"page\">\n\t\t\t\t<div class=\"elementor-element elementor-element-f8399da e-flex e-con-boxed e-con e-parent\" data-id=\"f8399da\" data-element_type=\"container\">\n\t\t\t\t\t<div class=\"e-con-inner\">\n\t\t\t\t<div class=\"elementor-element elementor-element-8fccfae elementor-widget elementor-widget-heading\" data-id=\"8fccfae\" data-element_type=\"widget\" data-widget_type=\"heading.default\">\n\t\t\t\t<div class=\"elementor-widget-container\">\n\t\t\t\t\t<h1 class=\"elementor-heading-title elementor-size-default\">PREGUNTAS FRECUENTES\n<\/h1>\t\t\t\t<\/div>\n\t\t\t\t<\/div>\n\t\t\t\t<div class=\"elementor-element elementor-element-5d3fa93 elementor-widget elementor-widget-accordion\" data-id=\"5d3fa93\" data-element_type=\"widget\" data-widget_type=\"accordion.default\">\n\t\t\t\t<div class=\"elementor-widget-container\">\n\t\t\t\t\t\t\t<div class=\"elementor-accordion\">\n\t\t\t\t\t\t\t<div class=\"elementor-accordion-item\">\n\t\t\t\t\t<div id=\"elementor-tab-title-9771\" class=\"elementor-tab-title\" data-tab=\"1\" role=\"button\" aria-controls=\"elementor-tab-content-9771\" aria-expanded=\"false\">\n\t\t\t\t\t\t\t\t\t\t\t\t\t<span class=\"elementor-accordion-icon elementor-accordion-icon-right\" aria-hidden=\"true\">\n\t\t\t\t\t\t\t\t\t\t\t\t\t\t\t<span class=\"elementor-accordion-icon-closed\"><i class=\"fas fa-plus\"><\/i><\/span>\n\t\t\t\t\t\t\t\t<span class=\"elementor-accordion-icon-opened\"><i class=\"fas fa-minus\"><\/i><\/span>\n\t\t\t\t\t\t\t\t\t\t\t\t\t\t<\/span>\n\t\t\t\t\t\t\t\t\t\t\t\t<a class=\"elementor-accordion-title\" tabindex=\"0\">\u00bfDesde d\u00f3nde realizan env\u00edos?<\/a>\n\t\t\t\t\t<\/div>\n\t\t\t\t\t<div id=\"elementor-tab-content-9771\" class=\"elementor-tab-content elementor-clearfix\" data-tab=\"1\" role=\"region\" aria-labelledby=\"elementor-tab-title-9771\"><p>Enviamos desde Zelienople, PA 16063.<\/p><\/div>\n\t\t\t\t<\/div>\n\t\t\t\t\t\t\t<div class=\"elementor-accordion-item\">\n\t\t\t\t\t<div id=\"elementor-tab-title-9772\" class=\"elementor-tab-title\" data-tab=\"2\" role=\"button\" aria-controls=\"elementor-tab-content-9772\" aria-expanded=\"false\">\n\t\t\t\t\t\t\t\t\t\t\t\t\t<span class=\"elementor-accordion-icon elementor-accordion-icon-right\" aria-hidden=\"true\">\n\t\t\t\t\t\t\t\t\t\t\t\t\t\t\t<span class=\"elementor-accordion-icon-closed\"><i class=\"fas fa-plus\"><\/i><\/span>\n\t\t\t\t\t\t\t\t<span class=\"elementor-accordion-icon-opened\"><i class=\"fas fa-minus\"><\/i><\/span>\n\t\t\t\t\t\t\t\t\t\t\t\t\t\t<\/span>\n\t\t\t\t\t\t\t\t\t\t\t\t<a class=\"elementor-accordion-title\" tabindex=\"0\">\u00bfCu\u00e1ndo se enviar\u00e1 mi pedido?<\/a>\n\t\t\t\t\t<\/div>\n\t\t\t\t\t<div id=\"elementor-tab-content-9772\" class=\"elementor-tab-content elementor-clearfix\" data-tab=\"2\" role=\"region\" aria-labelledby=\"elementor-tab-title-9772\"><p>Los pedidos realizados en nuestro sitio generalmente se env\u00edan dentro de las 48 horas de lunes a viernes, excepto feriados, durante todo el a\u00f1o, independientemente del m\u00e9todo de env\u00edo elegido. Los pedidos recibidos el viernes o durante el fin de semana normalmente se enviar\u00e1n el martes.<\/p><\/div>\n\t\t\t\t<\/div>\n\t\t\t\t\t\t\t<div class=\"elementor-accordion-item\">\n\t\t\t\t\t<div id=\"elementor-tab-title-9773\" class=\"elementor-tab-title\" data-tab=\"3\" role=\"button\" aria-controls=\"elementor-tab-content-9773\" aria-expanded=\"false\">\n\t\t\t\t\t\t\t\t\t\t\t\t\t<span class=\"elementor-accordion-icon elementor-accordion-icon-right\" aria-hidden=\"true\">\n\t\t\t\t\t\t\t\t\t\t\t\t\t\t\t<span class=\"elementor-accordion-icon-closed\"><i class=\"fas fa-plus\"><\/i><\/span>\n\t\t\t\t\t\t\t\t<span class=\"elementor-accordion-icon-opened\"><i class=\"fas fa-minus\"><\/i><\/span>\n\t\t\t\t\t\t\t\t\t\t\t\t\t\t<\/span>\n\t\t\t\t\t\t\t\t\t\t\t\t<a class=\"elementor-accordion-title\" tabindex=\"0\">\u00bfC\u00f3mo se enviar\u00e1 mi pedido?<\/a>\n\t\t\t\t\t<\/div>\n\t\t\t\t\t<div id=\"elementor-tab-content-9773\" class=\"elementor-tab-content elementor-clearfix\" data-tab=\"3\" role=\"region\" aria-labelledby=\"elementor-tab-title-9773\"><p>Los pedidos se env\u00edan a trav\u00e9s de Fedex o Fedex LTL para pedidos muy grandes. Una vez que se env\u00ede su pedido en l\u00ednea, se le enviar\u00e1 por correo electr\u00f3nico una confirmaci\u00f3n de env\u00edo.<\/p><\/div>\n\t\t\t\t<\/div>\n\t\t\t\t\t\t\t<div class=\"elementor-accordion-item\">\n\t\t\t\t\t<div id=\"elementor-tab-title-9774\" class=\"elementor-tab-title\" data-tab=\"4\" role=\"button\" aria-controls=\"elementor-tab-content-9774\" aria-expanded=\"false\">\n\t\t\t\t\t\t\t\t\t\t\t\t\t<span class=\"elementor-accordion-icon elementor-accordion-icon-right\" aria-hidden=\"true\">\n\t\t\t\t\t\t\t\t\t\t\t\t\t\t\t<span class=\"elementor-accordion-icon-closed\"><i class=\"fas fa-plus\"><\/i><\/span>\n\t\t\t\t\t\t\t\t<span class=\"elementor-accordion-icon-opened\"><i class=\"fas fa-minus\"><\/i><\/span>\n\t\t\t\t\t\t\t\t\t\t\t\t\t\t<\/span>\n\t\t\t\t\t\t\t\t\t\t\t\t<a class=\"elementor-accordion-title\" tabindex=\"0\">\u00bfNecesito un muelle de carga para recibir un pal\u00e9?<\/a>\n\t\t\t\t\t<\/div>\n\t\t\t\t\t<div id=\"elementor-tab-content-9774\" class=\"elementor-tab-content elementor-clearfix\" data-tab=\"4\" role=\"region\" aria-labelledby=\"elementor-tab-title-9774\"><p>Tener un muelle de carga tiene sus ventajas. Facilita la entrega para nuestros camiones y ahorra en costos de env\u00edo; adem\u00e1s, le facilita mover y almacenar el pal\u00e9. Si no tiene un muelle de carga, podemos entregarle un pal\u00e9 a trav\u00e9s de la puerta levadiza. El conductor cargar\u00e1 su pal\u00e9 en una plataforma y lo bajar\u00e1 al nivel de la calle para dejarlo. Usted es responsable de transportar el pal\u00e9 desde all\u00ed. Para incluir una puerta levadiza en su pedido, comun\u00edquese con el Servicio de atenci\u00f3n al cliente directamente a adminsupport@forney-online.test o llame al 1-800-367-6397.<\/p><\/div>\n\t\t\t\t<\/div>\n\t\t\t\t\t\t\t<div class=\"elementor-accordion-item\">\n\t\t\t\t\t<div id=\"elementor-tab-title-9775\" class=\"elementor-tab-title\" data-tab=\"5\" role=\"button\" aria-controls=\"elementor-tab-content-9775\" aria-expanded=\"false\">\n\t\t\t\t\t\t\t\t\t\t\t\t\t<span class=\"elementor-accordion-icon elementor-accordion-icon-right\" aria-hidden=\"true\">\n\t\t\t\t\t\t\t\t\t\t\t\t\t\t\t<span class=\"elementor-accordion-icon-closed\"><i class=\"fas fa-plus\"><\/i><\/span>\n\t\t\t\t\t\t\t\t<span class=\"elementor-accordion-icon-opened\"><i class=\"fas fa-minus\"><\/i><\/span>\n\t\t\t\t\t\t\t\t\t\t\t\t\t\t<\/span>\n\t\t\t\t\t\t\t\t\t\t\t\t<a class=\"elementor-accordion-title\" tabindex=\"0\">\u00bfCon qu\u00e9 frecuencia quedan pendientes los pedidos y c\u00f3mo sabr\u00e9 si un art\u00edculo que compr\u00e9 est\u00e1 pendiente?<\/a>\n\t\t\t\t\t<\/div>\n\t\t\t\t\t<div id=\"elementor-tab-content-9775\" class=\"elementor-tab-content elementor-clearfix\" data-tab=\"5\" role=\"region\" aria-labelledby=\"elementor-tab-title-9775\"><p>Los pedidos pendientes son poco frecuentes, pero si un art\u00edculo solicitado se coloca en pedido pendiente, intentamos comunicarnos con nuestros clientes lo antes posible por correo electr\u00f3nico. No podemos garantizar necesariamente ninguna fecha de env\u00edo en ese momento, pero intentaremos darle una fecha de llegada estimada con precisi\u00f3n.<\/p><p>Tenga en cuenta que, si solicita varios art\u00edculos y solo hay un art\u00edculo pendiente, a menudo se enviar\u00e1 un env\u00edo parcial sin cargo si se encuentra en los EE. UU. o Canad\u00e1. El art\u00edculo pendiente se le enviar\u00e1 autom\u00e1ticamente cuando se reciba en stock.<\/p><\/div>\n\t\t\t\t<\/div>\n\t\t\t\t\t\t\t<div class=\"elementor-accordion-item\">\n\t\t\t\t\t<div id=\"elementor-tab-title-9776\" class=\"elementor-tab-title\" data-tab=\"6\" role=\"button\" aria-controls=\"elementor-tab-content-9776\" aria-expanded=\"false\">\n\t\t\t\t\t\t\t\t\t\t\t\t\t<span class=\"elementor-accordion-icon elementor-accordion-icon-right\" aria-hidden=\"true\">\n\t\t\t\t\t\t\t\t\t\t\t\t\t\t\t<span class=\"elementor-accordion-icon-closed\"><i class=\"fas fa-plus\"><\/i><\/span>\n\t\t\t\t\t\t\t\t<span class=\"elementor-accordion-icon-opened\"><i class=\"fas fa-minus\"><\/i><\/span>\n\t\t\t\t\t\t\t\t\t\t\t\t\t\t<\/span>\n\t\t\t\t\t\t\t\t\t\t\t\t<a class=\"elementor-accordion-title\" tabindex=\"0\">\u00bfQu\u00e9 sucede si el pedido no se puede entregar y se devuelve a su almac\u00e9n?<\/a>\n\t\t\t\t\t<\/div>\n\t\t\t\t\t<div id=\"elementor-tab-content-9776\" class=\"elementor-tab-content elementor-clearfix\" data-tab=\"6\" role=\"region\" aria-labelledby=\"elementor-tab-title-9776\"><p>Los pedidos que Fedex considere imposibles de entregar nos ser\u00e1n devueltos. Una vez que los paquetes lleguen a nuestras instalaciones, comenzaremos a procesar una devoluci\u00f3n y un reembolso menos la tarifa de reposici\u00f3n del 20 %, as\u00ed como el costo de env\u00edo de devoluci\u00f3n. Si desea que se vuelva a enviar su pedido, presente un pedido nuevo.<\/p><p>Los pedidos que no se pueden entregar incluyen una direcci\u00f3n de env\u00edo incorrecta, un destinatario no disponible en el momento de la entrega si se requiere la firma y el rechazo de la entrega.<\/p><\/div>\n\t\t\t\t<\/div>\n\t\t\t\t\t\t\t<div class=\"elementor-accordion-item\">\n\t\t\t\t\t<div id=\"elementor-tab-title-9777\" class=\"elementor-tab-title\" data-tab=\"7\" role=\"button\" aria-controls=\"elementor-tab-content-9777\" aria-expanded=\"false\">\n\t\t\t\t\t\t\t\t\t\t\t\t\t<span class=\"elementor-accordion-icon elementor-accordion-icon-right\" aria-hidden=\"true\">\n\t\t\t\t\t\t\t\t\t\t\t\t\t\t\t<span class=\"elementor-accordion-icon-closed\"><i class=\"fas fa-plus\"><\/i><\/span>\n\t\t\t\t\t\t\t\t<span class=\"elementor-accordion-icon-opened\"><i class=\"fas fa-minus\"><\/i><\/span>\n\t\t\t\t\t\t\t\t\t\t\t\t\t\t<\/span>\n\t\t\t\t\t\t\t\t\t\t\t\t<a class=\"elementor-accordion-title\" tabindex=\"0\">\u00bfC\u00f3mo puedo conocer el estado de mi pedido?<\/a>\n\t\t\t\t\t<\/div>\n\t\t\t\t\t<div id=\"elementor-tab-content-9777\" class=\"elementor-tab-content elementor-clearfix\" data-tab=\"7\" role=\"region\" aria-labelledby=\"elementor-tab-title-9777\"><p>Puede iniciar sesi\u00f3n en su cuenta para ver el estado de su pedido.<\/p><\/div>\n\t\t\t\t<\/div>\n\t\t\t\t\t\t\t<div class=\"elementor-accordion-item\">\n\t\t\t\t\t<div id=\"elementor-tab-title-9778\" class=\"elementor-tab-title\" data-tab=\"8\" role=\"button\" aria-controls=\"elementor-tab-content-9778\" aria-expanded=\"false\">\n\t\t\t\t\t\t\t\t\t\t\t\t\t<span class=\"elementor-accordion-icon elementor-accordion-icon-right\" aria-hidden=\"true\">\n\t\t\t\t\t\t\t\t\t\t\t\t\t\t\t<span class=\"elementor-accordion-icon-closed\"><i class=\"fas fa-plus\"><\/i><\/span>\n\t\t\t\t\t\t\t\t<span class=\"elementor-accordion-icon-opened\"><i class=\"fas fa-minus\"><\/i><\/span>\n\t\t\t\t\t\t\t\t\t\t\t\t\t\t<\/span>\n\t\t\t\t\t\t\t\t\t\t\t\t<a class=\"elementor-accordion-title\" tabindex=\"0\">\u00bfQu\u00e9 sucede si no estoy satisfecho con mi compra?<\/a>\n\t\t\t\t\t<\/div>\n\t\t\t\t\t<div id=\"elementor-tab-content-9778\" class=\"elementor-tab-content elementor-clearfix\" data-tab=\"8\" role=\"region\" aria-labelledby=\"elementor-tab-title-9778\"><p>Toda la mercanc\u00eda nueva se env\u00eda en perfectas condiciones y est\u00e1 embalada para que soporte los riesgos de env\u00edo normales. El cliente tiene la responsabilidad de inspeccionar el env\u00edo antes de aceptar la entrega. El env\u00edo puede ser rechazado o el transportista puede anotar el da\u00f1o en el recibo de entrega y firmarlo antes de que se acepte la entrega. Conserve todo el embalaje original hasta que el transportista inspeccione el da\u00f1o. Si se encuentran da\u00f1os despu\u00e9s de abrir el env\u00edo, haga que el transportista venga de inmediato para inspeccionarlo y proporcionar los formularios necesarios para presentar un reclamo por da\u00f1os. Los da\u00f1os ocultos deben informarse al transportista que realiza la entrega en un plazo de 15 d\u00edas. FORNEY lo ayudar\u00e1 a lo largo de este proceso, pero tenga en cuenta que, una vez que se acepta la entrega, el cliente tiene responsabilidades espec\u00edficas de informar los da\u00f1os y presentar un reclamo. No solicitar una inspecci\u00f3n de da\u00f1os o presentar un reclamo mientras el equipo est\u00e1 en su poder puede ocasionarle p\u00e9rdidas.<\/p><p>Comun\u00edquese con el Servicio de atenci\u00f3n al cliente de Forney para obtener un \u00abN\u00famero de autorizaci\u00f3n de devoluci\u00f3n\u00bb antes de devolver cualquier producto y coloque este n\u00famero en la parte exterior del paquete. Los art\u00edculos deben estar en condiciones de reventa nuevos (sin usar). Los art\u00edculos devueltos estar\u00e1n sujetos a una tarifa de reposici\u00f3n del 20 %. El cliente es responsable de todos los gastos de transporte. No se aceptar\u00e1n devoluciones enviadas por cobrar o contra reembolso. Llame al Servicio de atenci\u00f3n al cliente de Forney para obtener asesoramiento sobre c\u00f3mo volver a empaquetar las devoluciones. Los da\u00f1os causados por volver a embalar inadecuadamente el producto son responsabilidad del cliente. El cr\u00e9dito se emitir\u00e1 despu\u00e9s de la recepci\u00f3n y la inspecci\u00f3n. Lamentablemente, los art\u00edculos hechos a pedido o de compra especial no se pueden devolver. Inspeccione todos los paquetes en el momento de su llegada y comun\u00edquese con nosotros de inmediato sobre cualquier producto da\u00f1ado al hacer clic en el enlace Iniciar un ticket de soporte en la pesta\u00f1a \u00abSOPORTE\u00bb.<\/p><\/div>\n\t\t\t\t<\/div>\n\t\t\t\t\t\t\t<div class=\"elementor-accordion-item\">\n\t\t\t\t\t<div id=\"elementor-tab-title-9779\" class=\"elementor-tab-title\" data-tab=\"9\" role=\"button\" aria-controls=\"elementor-tab-content-9779\" aria-expanded=\"false\">\n\t\t\t\t\t\t\t\t\t\t\t\t\t<span class=\"elementor-accordion-icon elementor-accordion-icon-right\" aria-hidden=\"true\">\n\t\t\t\t\t\t\t\t\t\t\t\t\t\t\t<span class=\"elementor-accordion-icon-closed\"><i class=\"fas fa-plus\"><\/i><\/span>\n\t\t\t\t\t\t\t\t<span class=\"elementor-accordion-icon-opened\"><i class=\"fas fa-minus\"><\/i><\/span>\n\t\t\t\t\t\t\t\t\t\t\t\t\t\t<\/span>\n\t\t\t\t\t\t\t\t\t\t\t\t<a class=\"elementor-accordion-title\" tabindex=\"0\">\u00bfPuedo hacer un pedido si vivo fuera de los Estados Unidos?<\/a>\n\t\t\t\t\t<\/div>\n\t\t\t\t\t<div id=\"elementor-tab-content-9779\" class=\"elementor-tab-content elementor-clearfix\" data-tab=\"9\" role=\"region\" aria-labelledby=\"elementor-tab-title-9779\"><p>Forney env\u00eda a cualquier parte del mundo. Los clientes que realicen pedidos fuera del territorio continental de EE. UU. y Canad\u00e1 ser\u00e1n contactados en caso de que sea necesario realizar arreglos especiales de env\u00edo.<\/p><p>Incoterms = EXW, Zelienople, PA 16063<\/p><p>Nota: Los env\u00edos nacionales se embalar\u00e1n sin costo adicional. Los env\u00edos internacionales pueden requerir un embalaje especial, cuyo costo se factura al cliente.<\/p><\/div>\n\t\t\t\t<\/div>\n\t\t\t\t\t\t\t<div class=\"elementor-accordion-item\">\n\t\t\t\t\t<div id=\"elementor-tab-title-97710\" class=\"elementor-tab-title\" data-tab=\"10\" role=\"button\" aria-controls=\"elementor-tab-content-97710\" aria-expanded=\"false\">\n\t\t\t\t\t\t\t\t\t\t\t\t\t<span class=\"elementor-accordion-icon elementor-accordion-icon-right\" aria-hidden=\"true\">\n\t\t\t\t\t\t\t\t\t\t\t\t\t\t\t<span class=\"elementor-accordion-icon-closed\"><i class=\"fas fa-plus\"><\/i><\/span>\n\t\t\t\t\t\t\t\t<span class=\"elementor-accordion-icon-opened\"><i class=\"fas fa-minus\"><\/i><\/span>\n\t\t\t\t\t\t\t\t\t\t\t\t\t\t<\/span>\n\t\t\t\t\t\t\t\t\t\t\t\t<a class=\"elementor-accordion-title\" tabindex=\"0\">\u00bfQu\u00e9 tipo de pago aceptan ?<\/a>\n\t\t\t\t\t<\/div>\n\t\t\t\t\t<div id=\"elementor-tab-content-97710\" class=\"elementor-tab-content elementor-clearfix\" data-tab=\"10\" role=\"region\" aria-labelledby=\"elementor-tab-title-97710\"><p>Aceptamos Visa, Mastercard, American Express y PayPal.<\/p><\/div>\n\t\t\t\t<\/div>\n\t\t\t\t\t\t\t<div class=\"elementor-accordion-item\">\n\t\t\t\t\t<div id=\"elementor-tab-title-97711\" class=\"elementor-tab-title\" data-tab=\"11\" role=\"button\" aria-controls=\"elementor-tab-content-97711\" aria-expanded=\"false\">\n\t\t\t\t\t\t\t\t\t\t\t\t\t<span class=\"elementor-accordion-icon elementor-accordion-icon-right\" aria-hidden=\"true\">\n\t\t\t\t\t\t\t\t\t\t\t\t\t\t\t<span class=\"elementor-accordion-icon-closed\"><i class=\"fas fa-plus\"><\/i><\/span>\n\t\t\t\t\t\t\t\t<span class=\"elementor-accordion-icon-opened\"><i class=\"fas fa-minus\"><\/i><\/span>\n\t\t\t\t\t\t\t\t\t\t\t\t\t\t<\/span>\n\t\t\t\t\t\t\t\t\t\t\t\t<a class=\"elementor-accordion-title\" tabindex=\"0\">\u00bfPuedo establecer condiciones de cr\u00e9dito?<\/a>\n\t\t\t\t\t<\/div>\n\t\t\t\t\t<div id=\"elementor-tab-content-97711\" class=\"elementor-tab-content elementor-clearfix\" data-tab=\"11\" role=\"region\" aria-labelledby=\"elementor-tab-title-97711\"><p>Los t\u00e9rminos de la empresa son 30 d\u00edas netos, punto de env\u00edo con franco a bordo (FOB) para todos los clientes con cr\u00e9dito establecido. Tambi\u00e9n aceptamos pedidos con tarjeta de cr\u00e9dito. Los env\u00edos internacionales se pagan en d\u00f3lares estadounidenses mediante transferencia bancaria o tarjeta de cr\u00e9dito.<\/p><\/div>\n\t\t\t\t<\/div>\n\t\t\t\t\t\t\t<div class=\"elementor-accordion-item\">\n\t\t\t\t\t<div id=\"elementor-tab-title-97712\" class=\"elementor-tab-title\" data-tab=\"12\" role=\"button\" aria-controls=\"elementor-tab-content-97712\" aria-expanded=\"false\">\n\t\t\t\t\t\t\t\t\t\t\t\t\t<span class=\"elementor-accordion-icon elementor-accordion-icon-right\" aria-hidden=\"true\">\n\t\t\t\t\t\t\t\t\t\t\t\t\t\t\t<span class=\"elementor-accordion-icon-closed\"><i class=\"fas fa-plus\"><\/i><\/span>\n\t\t\t\t\t\t\t\t<span class=\"elementor-accordion-icon-opened\"><i class=\"fas fa-minus\"><\/i><\/span>\n\t\t\t\t\t\t\t\t\t\t\t\t\t\t<\/span>\n\t\t\t\t\t\t\t\t\t\t\t\t<a class=\"elementor-accordion-title\" tabindex=\"0\">\u00bfQu\u00e9 sucede si no puedo encontrar respuestas a mis preguntas aqu\u00ed?<\/a>\n\t\t\t\t\t<\/div>\n\t\t\t\t\t<div id=\"elementor-tab-content-97712\" class=\"elementor-tab-content elementor-clearfix\" data-tab=\"12\" role=\"region\" aria-labelledby=\"elementor-tab-title-97712\"><p>Puede hacer clic aqu\u00ed para iniciar un ticket de soporte. Responderemos a su pregunta tan pronto como podamos, con frecuencia durante el mismo d\u00eda h\u00e1bil (de lunes a viernes).<\/p><\/div>\n\t\t\t\t<\/div>\n\t\t\t\t\t\t\t\t<\/div>\n\t\t\t\t\t\t<\/div>\n\t\t\t\t<\/div>\n\t\t\t\t\t<\/div>\n\t\t\t\t<\/div>\n\t\t\t\t<\/div>\n\t\t","protected":false},"excerpt":{"rendered":"<p>PREGUNTAS FRECUENTES \u00bfDesde d\u00f3nde realizan env\u00edos? Enviamos desde Zelienople, PA 16063. \u00bfCu\u00e1ndo se enviar\u00e1 mi pedido? Los pedidos realizados en nuestro sitio generalmente se env\u00edan dentro de las 48 horas de lunes a viernes, excepto feriados, durante todo el a\u00f1o, independientemente del m\u00e9todo de env\u00edo elegido. Los pedidos recibidos el viernes o durante el fin&#8230;<\/p>\n","protected":false},"author":1,"featured_media":0,"parent":0,"menu_order":0,"comment_status":"closed","ping_status":"closed","template":"","meta":{"_acf_changed":false,"content-type":"","footnotes":""},"class_list":["post-3045","page","type-page","status-publish","hentry"],"acf":[],"yoast_head":"<!-- This site is optimized with the Yoast SEO plugin v25.6 - https:\/\/yoast.com\/wordpress\/plugins\/seo\/ -->\n<title>PREGUNTAS FRECUENTES | Forney Online<\/title>\n<meta name=\"description\" content=\"Encuentre las respuestas a las preguntas m\u00e1s frecuentes sobre los pedidos y env\u00edos de Forney. Vea los temas m\u00e1s comunes y m\u00e1s informaci\u00f3n.\" \/>\n<meta name=\"robots\" content=\"index, follow, max-snippet:-1, max-image-preview:large, max-video-preview:-1\" \/>\n<link rel=\"canonical\" href=\"https:\/\/forneyonline.com\/es\/preguntas-frecuentes\/\" \/>\n<meta property=\"og:locale\" content=\"es_ES\" \/>\n<meta property=\"og:type\" content=\"article\" \/>\n<meta property=\"og:title\" content=\"PREGUNTAS FRECUENTES | Forney Online\" \/>\n<meta property=\"og:description\" content=\"Encuentre las respuestas a las preguntas m\u00e1s frecuentes sobre los pedidos y env\u00edos de Forney. Vea los temas m\u00e1s comunes y m\u00e1s informaci\u00f3n.\" \/>\n<meta property=\"og:url\" content=\"https:\/\/forneyonline.com\/es\/preguntas-frecuentes\/\" \/>\n<meta property=\"og:site_name\" content=\"Forney Online\" \/>\n<meta property=\"article:modified_time\" content=\"2023-03-31T11:19:50+00:00\" \/>\n<meta name=\"twitter:card\" content=\"summary_large_image\" \/>\n<script type=\"application\/ld+json\" class=\"yoast-schema-graph\">{\"@context\":\"https:\/\/schema.org\",\"@graph\":[{\"@type\":\"WebPage\",\"@id\":\"https:\/\/forneyonline.com\/es\/preguntas-frecuentes\/\",\"url\":\"https:\/\/forneyonline.com\/es\/preguntas-frecuentes\/\",\"name\":\"PREGUNTAS FRECUENTES | Forney Online\",\"isPartOf\":{\"@id\":\"https:\/\/forneyonline.com\/#website\"},\"datePublished\":\"2023-02-21T08:54:27+00:00\",\"dateModified\":\"2023-03-31T11:19:50+00:00\",\"description\":\"Encuentre las respuestas a las preguntas m\u00e1s frecuentes sobre los pedidos y env\u00edos de Forney. Vea los temas m\u00e1s comunes y m\u00e1s informaci\u00f3n.\",\"breadcrumb\":{\"@id\":\"https:\/\/forneyonline.com\/es\/preguntas-frecuentes\/#breadcrumb\"},\"inLanguage\":\"es\",\"potentialAction\":[{\"@type\":\"ReadAction\",\"target\":[\"https:\/\/forneyonline.com\/es\/preguntas-frecuentes\/\"]}]},{\"@type\":\"BreadcrumbList\",\"@id\":\"https:\/\/forneyonline.com\/es\/preguntas-frecuentes\/#breadcrumb\",\"itemListElement\":[{\"@type\":\"ListItem\",\"position\":1,\"name\":\"Home\",\"item\":\"https:\/\/forneyonline.com\/es\/\"},{\"@type\":\"ListItem\",\"position\":2,\"name\":\"PREGUNTAS FRECUENTES\"}]},{\"@type\":\"WebSite\",\"@id\":\"https:\/\/forneyonline.com\/#website\",\"url\":\"https:\/\/forneyonline.com\/\",\"name\":\"Forney Online\",\"description\":\"\",\"publisher\":{\"@id\":\"https:\/\/forneyonline.com\/#organization\"},\"potentialAction\":[{\"@type\":\"SearchAction\",\"target\":{\"@type\":\"EntryPoint\",\"urlTemplate\":\"https:\/\/forneyonline.com\/?s={search_term_string}\"},\"query-input\":{\"@type\":\"PropertyValueSpecification\",\"valueRequired\":true,\"valueName\":\"search_term_string\"}}],\"inLanguage\":\"es\"},{\"@type\":\"Organization\",\"@id\":\"https:\/\/forneyonline.com\/#organization\",\"name\":\"Forney Online\",\"url\":\"https:\/\/forneyonline.com\/\",\"logo\":{\"@type\":\"ImageObject\",\"inLanguage\":\"es\",\"@id\":\"https:\/\/forneyonline.com\/#\/schema\/logo\/image\/\",\"url\":\"https:\/\/forneyonline.com\/wp-content\/uploads\/2024\/03\/ForneyLogo_Black.png\",\"contentUrl\":\"https:\/\/forneyonline.com\/wp-content\/uploads\/2024\/03\/ForneyLogo_Black.png\",\"width\":1024,\"height\":178,\"caption\":\"Forney Online\"},\"image\":{\"@id\":\"https:\/\/forneyonline.com\/#\/schema\/logo\/image\/\"}}]}<\/script>\n<!-- \/ Yoast SEO plugin. -->","yoast_head_json":{"title":"PREGUNTAS FRECUENTES | Forney Online","description":"Encuentre las respuestas a las preguntas m\u00e1s frecuentes sobre los pedidos y env\u00edos de Forney. Vea los temas m\u00e1s comunes y m\u00e1s informaci\u00f3n.","robots":{"index":"index","follow":"follow","max-snippet":"max-snippet:-1","max-image-preview":"max-image-preview:large","max-video-preview":"max-video-preview:-1"},"canonical":"https:\/\/forneyonline.com\/es\/preguntas-frecuentes\/","og_locale":"es_ES","og_type":"article","og_title":"PREGUNTAS FRECUENTES | Forney Online","og_description":"Encuentre las respuestas a las preguntas m\u00e1s frecuentes sobre los pedidos y env\u00edos de Forney. Vea los temas m\u00e1s comunes y m\u00e1s informaci\u00f3n.","og_url":"https:\/\/forneyonline.com\/es\/preguntas-frecuentes\/","og_site_name":"Forney Online","article_modified_time":"2023-03-31T11:19:50+00:00","twitter_card":"summary_large_image","schema":{"@context":"https:\/\/schema.org","@graph":[{"@type":"WebPage","@id":"https:\/\/forneyonline.com\/es\/preguntas-frecuentes\/","url":"https:\/\/forneyonline.com\/es\/preguntas-frecuentes\/","name":"PREGUNTAS FRECUENTES | Forney Online","isPartOf":{"@id":"https:\/\/forneyonline.com\/#website"},"datePublished":"2023-02-21T08:54:27+00:00","dateModified":"2023-03-31T11:19:50+00:00","description":"Encuentre las respuestas a las preguntas m\u00e1s frecuentes sobre los pedidos y env\u00edos de Forney. Vea los temas m\u00e1s comunes y m\u00e1s informaci\u00f3n.","breadcrumb":{"@id":"https:\/\/forneyonline.com\/es\/preguntas-frecuentes\/#breadcrumb"},"inLanguage":"es","potentialAction":[{"@type":"ReadAction","target":["https:\/\/forneyonline.com\/es\/preguntas-frecuentes\/"]}]},{"@type":"BreadcrumbList","@id":"https:\/\/forneyonline.com\/es\/preguntas-frecuentes\/#breadcrumb","itemListElement":[{"@type":"ListItem","position":1,"name":"Home","item":"https:\/\/forneyonline.com\/es\/"},{"@type":"ListItem","position":2,"name":"PREGUNTAS FRECUENTES"}]},{"@type":"WebSite","@id":"https:\/\/forneyonline.com\/#website","url":"https:\/\/forneyonline.com\/","name":"Forney Online","description":"","publisher":{"@id":"https:\/\/forneyonline.com\/#organization"},"potentialAction":[{"@type":"SearchAction","target":{"@type":"EntryPoint","urlTemplate":"https:\/\/forneyonline.com\/?s={search_term_string}"},"query-input":{"@type":"PropertyValueSpecification","valueRequired":true,"valueName":"search_term_string"}}],"inLanguage":"es"},{"@type":"Organization","@id":"https:\/\/forneyonline.com\/#organization","name":"Forney Online","url":"https:\/\/forneyonline.com\/","logo":{"@type":"ImageObject","inLanguage":"es","@id":"https:\/\/forneyonline.com\/#\/schema\/logo\/image\/","url":"https:\/\/forneyonline.com\/wp-content\/uploads\/2024\/03\/ForneyLogo_Black.png","contentUrl":"https:\/\/forneyonline.com\/wp-content\/uploads\/2024\/03\/ForneyLogo_Black.png","width":1024,"height":178,"caption":"Forney Online"},"image":{"@id":"https:\/\/forneyonline.com\/#\/schema\/logo\/image\/"}}]}},"_links":{"self":[{"href":"https:\/\/forneyonline.com\/es\/wp-json\/wp\/v2\/pages\/3045","targetHints":{"allow":["GET"]}}],"collection":[{"href":"https:\/\/forneyonline.com\/es\/wp-json\/wp\/v2\/pages"}],"about":[{"href":"https:\/\/forneyonline.com\/es\/wp-json\/wp\/v2\/types\/page"}],"author":[{"embeddable":true,"href":"https:\/\/forneyonline.com\/es\/wp-json\/wp\/v2\/users\/1"}],"replies":[{"embeddable":true,"href":"https:\/\/forneyonline.com\/es\/wp-json\/wp\/v2\/comments?post=3045"}],"version-history":[{"count":0,"href":"https:\/\/forneyonline.com\/es\/wp-json\/wp\/v2\/pages\/3045\/revisions"}],"wp:attachment":[{"href":"https:\/\/forneyonline.com\/es\/wp-json\/wp\/v2\/media?parent=3045"}],"curies":[{"name":"wp","href":"https:\/\/api.w.org\/{rel}","templated":true}]}}