{"id":3088,"date":"2023-02-21T15:28:51","date_gmt":"2023-02-21T15:28:51","guid":{"rendered":"https:\/\/forneyonline.com\/?page_id=3088"},"modified":"2023-05-30T16:56:05","modified_gmt":"2023-05-30T16:56:05","slug":"herramientas-forney","status":"publish","type":"page","link":"https:\/\/forneyonline.com\/es\/soluciones-automatizadas\/herramientas-forney\/","title":{"rendered":"Herramientas Forney"},"content":{"rendered":"\t\t<div data-elementor-type=\"wp-page\" data-elementor-id=\"3088\" class=\"elementor elementor-3088 elementor-65\" data-elementor-post-type=\"page\">\n\t\t\t\t<div class=\"elementor-element elementor-element-c82ddfe e-flex e-con-boxed e-con e-parent\" data-id=\"c82ddfe\" data-element_type=\"container\" data-settings=\"{&quot;background_background&quot;:&quot;classic&quot;}\">\n\t\t\t\t\t<div class=\"e-con-inner\">\n\t\t\t\t<div class=\"elementor-element elementor-element-a950298 elementor-widget elementor-widget-image\" data-id=\"a950298\" data-element_type=\"widget\" data-widget_type=\"image.default\">\n\t\t\t\t<div class=\"elementor-widget-container\">\n\t\t\t\t\t\t\t\t\t\t\t\t\t\t\t<img decoding=\"async\" src=\"https:\/\/forneyonline.com\/wp-content\/uploads\/2023\/03\/ForneyTools3.svg\" class=\"attachment-large size-large wp-image-987\" alt=\"\" \/>\t\t\t\t\t\t\t\t\t\t\t\t\t\t\t<\/div>\n\t\t\t\t<\/div>\n\t\t\t\t<div class=\"elementor-element elementor-element-04a18ec elementor-widget elementor-widget-heading\" data-id=\"04a18ec\" data-element_type=\"widget\" data-widget_type=\"heading.default\">\n\t\t\t\t<div class=\"elementor-widget-container\">\n\t\t\t\t\t<h2 class=\"elementor-heading-title elementor-size-default\">\u00bfNO TIENE UN LIMS?\n <\/br><span style=\"color: #ff5800\">NO SE PREOCUPE.\n<\/span><\/h2>\t\t\t\t<\/div>\n\t\t\t\t<\/div>\n\t\t\t\t<div class=\"elementor-element elementor-element-75da15b elementor-widget__width-initial elementor-widget elementor-widget-text-editor\" data-id=\"75da15b\" data-element_type=\"widget\" data-widget_type=\"text-editor.default\">\n\t\t\t\t<div class=\"elementor-widget-container\">\n\t\t\t\t\t\t\t\t\t<p>ForneyTools gestiona sus flujos de trabajo de ensayos sin gastos generales adicionales. Nuestro software de ensayo de materiales de construcci\u00f3n lo ayuda a acceder, analizar e informar de manera segura los resultados de los ensayos de ForneyVault\u00ae.<\/p>\t\t\t\t\t\t\t\t<\/div>\n\t\t\t\t<\/div>\n\t\t\t\t<div class=\"elementor-element elementor-element-b4ebbb8 elementor-align-center elementor-widget elementor-widget-button\" data-id=\"b4ebbb8\" data-element_type=\"widget\" data-widget_type=\"button.default\">\n\t\t\t\t<div class=\"elementor-widget-container\">\n\t\t\t\t\t\t\t\t\t<div class=\"elementor-button-wrapper\">\n\t\t\t\t\t<a class=\"elementor-button elementor-button-link elementor-size-sm\" href=\"https:\/\/forneyonline.com\/es\/demo\">\n\t\t\t\t\t\t<span class=\"elementor-button-content-wrapper\">\n\t\t\t\t\t\t\t\t\t<span class=\"elementor-button-text\">CONSIGA UNA DEMOSTRACI\u00d3N<\/span>\n\t\t\t\t\t<\/span>\n\t\t\t\t\t<\/a>\n\t\t\t\t<\/div>\n\t\t\t\t\t\t\t\t<\/div>\n\t\t\t\t<\/div>\n\t\t\t\t\t<\/div>\n\t\t\t\t<\/div>\n\t\t<div class=\"elementor-element elementor-element-8c8cf29 is-font-small e-flex e-con-boxed e-con e-parent\" data-id=\"8c8cf29\" data-element_type=\"container\">\n\t\t\t\t\t<div class=\"e-con-inner\">\n\t\t<div class=\"elementor-element elementor-element-1f49ee0 e-con-full e-flex e-con e-parent\" data-id=\"1f49ee0\" data-element_type=\"container\">\n\t\t<div class=\"elementor-element elementor-element-96312e7 e-con-full e-flex e-con e-parent\" data-id=\"96312e7\" data-element_type=\"container\">\n\t\t\t\t<div class=\"elementor-element elementor-element-adbb7a4 elementor-widget elementor-widget-heading\" data-id=\"adbb7a4\" data-element_type=\"widget\" data-widget_type=\"heading.default\">\n\t\t\t\t<div class=\"elementor-widget-container\">\n\t\t\t\t\t<h3 class=\"elementor-heading-title elementor-size-default\">ACCESO DATOS DE <span style=\"color: #ff5800\">FORNEYVAULT<\/span>\n\n<\/h3>\t\t\t\t<\/div>\n\t\t\t\t<\/div>\n\t\t\t\t<div class=\"elementor-element elementor-element-a80a912 elementor-widget elementor-widget-text-editor\" data-id=\"a80a912\" data-element_type=\"widget\" data-widget_type=\"text-editor.default\">\n\t\t\t\t<div class=\"elementor-widget-container\">\n\t\t\t\t\t\t\t\t\t<ul>\n<li>Importe los resultados de los laboratorios de ensayos y de campo a la base de datos en la nube privada de ForneyVault<\/li>\n<li>Vea los resultados de los ensayos y la informaci\u00f3n de las muestras en una interfaz en l\u00ednea segura<\/li>\n<li>Elimine el error humano y la redundancia de la entrada y el archivo manual de datos<\/li>\n<li>Almacene los datos de ensayo originales para siempre en un entorno estructurado y con gran capacidad de b\u00fasqueda<\/li>\n<\/ul>\t\t\t\t\t\t\t\t<\/div>\n\t\t\t\t<\/div>\n\t\t\t\t<\/div>\n\t\t<div class=\"elementor-element elementor-element-7d9ffaf e-con-full e-flex e-con e-parent\" data-id=\"7d9ffaf\" data-element_type=\"container\">\n\t\t\t\t<div class=\"elementor-element elementor-element-6229756 elementor-widget elementor-widget-image\" data-id=\"6229756\" data-element_type=\"widget\" data-widget_type=\"image.default\">\n\t\t\t\t<div class=\"elementor-widget-container\">\n\t\t\t\t\t\t\t\t\t\t\t\t\t\t\t<img fetchpriority=\"high\" decoding=\"async\" width=\"595\" height=\"515\" src=\"https:\/\/forneyonline.com\/wp-content\/uploads\/2023\/03\/BogdanhodaBogdanhoda@bogdanhoda.jpg\" class=\"attachment-large size-large wp-image-888\" alt=\"\" srcset=\"https:\/\/forneyonline.com\/wp-content\/uploads\/2023\/03\/BogdanhodaBogdanhoda@bogdanhoda.jpg 595w, https:\/\/forneyonline.com\/wp-content\/uploads\/2023\/03\/BogdanhodaBogdanhoda@bogdanhoda-300x260.jpg 300w\" sizes=\"(max-width: 595px) 100vw, 595px\" \/>\t\t\t\t\t\t\t\t\t\t\t\t\t\t\t<\/div>\n\t\t\t\t<\/div>\n\t\t\t\t<\/div>\n\t\t\t\t<\/div>\n\t\t<div class=\"elementor-element elementor-element-818b5ad e-con-full e-flex e-con e-parent\" data-id=\"818b5ad\" data-element_type=\"container\">\n\t\t<div class=\"elementor-element elementor-element-454b0dd e-con-full e-flex e-con e-parent\" data-id=\"454b0dd\" data-element_type=\"container\">\n\t\t\t\t<div class=\"elementor-element elementor-element-ffd8dc7 elementor-widget elementor-widget-image\" data-id=\"ffd8dc7\" data-element_type=\"widget\" data-widget_type=\"image.default\">\n\t\t\t\t<div class=\"elementor-widget-container\">\n\t\t\t\t\t\t\t\t\t\t\t\t\t\t\t<img decoding=\"async\" width=\"595\" height=\"515\" src=\"https:\/\/forneyonline.com\/wp-content\/uploads\/2023\/03\/BogdanhodaBogdanhoda@bogdanhoda-Copy.jpg\" class=\"attachment-large size-large wp-image-958\" alt=\"\" srcset=\"https:\/\/forneyonline.com\/wp-content\/uploads\/2023\/03\/BogdanhodaBogdanhoda@bogdanhoda-Copy.jpg 595w, https:\/\/forneyonline.com\/wp-content\/uploads\/2023\/03\/BogdanhodaBogdanhoda@bogdanhoda-Copy-300x260.jpg 300w\" sizes=\"(max-width: 595px) 100vw, 595px\" \/>\t\t\t\t\t\t\t\t\t\t\t\t\t\t\t<\/div>\n\t\t\t\t<\/div>\n\t\t\t\t<\/div>\n\t\t<div class=\"elementor-element elementor-element-a066ec3 e-con-full e-flex e-con e-parent\" data-id=\"a066ec3\" data-element_type=\"container\">\n\t\t\t\t<div class=\"elementor-element elementor-element-2a0e66e elementor-widget elementor-widget-heading\" data-id=\"2a0e66e\" data-element_type=\"widget\" data-widget_type=\"heading.default\">\n\t\t\t\t<div class=\"elementor-widget-container\">\n\t\t\t\t\t<h3 class=\"elementor-heading-title elementor-size-default\"><span style=\"color: #ff5800\">OPTIMICE <\/span> SUS\nFLUJO DE TRABAJO DE CMT<\/h3>\t\t\t\t<\/div>\n\t\t\t\t<\/div>\n\t\t\t\t<div class=\"elementor-element elementor-element-c512e29 elementor-widget elementor-widget-text-editor\" data-id=\"c512e29\" data-element_type=\"widget\" data-widget_type=\"text-editor.default\">\n\t\t\t\t<div class=\"elementor-widget-container\">\n\t\t\t\t\t\t\t\t\t<ul>\n<li>Filtre los datos por laboratorio, proyecto, tipo de ensayo y m\u00e1s<\/li>\n<li>Cree y gestione proyectos de ensayo a trav\u00e9s de cualquier dispositivo autorizado<\/li>\n<li>Preferencias de seguridad e informes personalizables<\/li>\n<li>Exporte datos al instante a las partes interesadas clave<\/li>\n<\/ul>\t\t\t\t\t\t\t\t<\/div>\n\t\t\t\t<\/div>\n\t\t\t\t<\/div>\n\t\t\t\t<\/div>\n\t\t\t\t\t<\/div>\n\t\t\t\t<\/div>\n\t\t<div class=\"elementor-element elementor-element-b16b6a3 e-flex e-con-boxed e-con e-parent\" data-id=\"b16b6a3\" data-element_type=\"container\" data-settings=\"{&quot;background_background&quot;:&quot;gradient&quot;}\">\n\t\t\t\t\t<div class=\"e-con-inner\">\n\t\t\t\t<div class=\"elementor-element elementor-element-03687e1 elementor-widget elementor-widget-heading\" data-id=\"03687e1\" data-element_type=\"widget\" data-widget_type=\"heading.default\">\n\t\t\t\t<div class=\"elementor-widget-container\">\n\t\t\t\t\t<p class=\"elementor-heading-title elementor-size-default\">\u201cComo laboratorio de una ciudad peque\u00f1a, no tenemos el presupuesto ni la necesidad de un software de LIMS de nivel empresarial. Por lo tanto, cuando comenzamos a usar ForneyVault para ahorrar tiempo y reducir errores en nuestros procesos de ensayo, tambi\u00e9n aprovechamos ForneyTools para nuestra gesti\u00f3n de datos y las necesidades de informes. Encontrar resultados de ensayos espec\u00edficos y generar informes nunca ha sido tan f\u00e1cil. Lo que normalmente llevar\u00eda horas ahora toma solo segundos.\u201d<\/p>\t\t\t\t<\/div>\n\t\t\t\t<\/div>\n\t\t\t\t<div class=\"elementor-element elementor-element-3a52e91 elementor-widget elementor-widget-heading\" data-id=\"3a52e91\" data-element_type=\"widget\" data-widget_type=\"heading.default\">\n\t\t\t\t<div class=\"elementor-widget-container\">\n\t\t\t\t\t<p class=\"elementor-heading-title elementor-size-default\">BILLIE KUREK, T\u00c9CNICO DE INGENIER\u00cdA II, CIUDAD DE MINNEAPOLIS\n\n<\/p>\t\t\t\t<\/div>\n\t\t\t\t<\/div>\n\t\t\t\t\t<\/div>\n\t\t\t\t<\/div>\n\t\t<div class=\"elementor-element elementor-element-94b1467 e-flex e-con-boxed e-con e-parent\" data-id=\"94b1467\" data-element_type=\"container\">\n\t\t\t\t\t<div class=\"e-con-inner\">\n\t\t<div class=\"elementor-element elementor-element-b024c41 e-con-full e-flex e-con e-parent\" data-id=\"b024c41\" data-element_type=\"container\" data-settings=\"{&quot;background_background&quot;:&quot;classic&quot;}\">\n\t\t\t\t<div class=\"elementor-element elementor-element-72dabb6 elementor-widget elementor-widget-image\" data-id=\"72dabb6\" data-element_type=\"widget\" data-widget_type=\"image.default\">\n\t\t\t\t<div class=\"elementor-widget-container\">\n\t\t\t\t\t\t\t\t\t\t\t\t\t\t\t<img decoding=\"async\" width=\"400\" height=\"88\" src=\"https:\/\/forneyonline.com\/wp-content\/uploads\/2023\/03\/logos2.jpg\" class=\"attachment-large size-large wp-image-969\" alt=\"\" srcset=\"https:\/\/forneyonline.com\/wp-content\/uploads\/2023\/03\/logos2.jpg 400w, https:\/\/forneyonline.com\/wp-content\/uploads\/2023\/03\/logos2-300x66.jpg 300w\" sizes=\"(max-width: 400px) 100vw, 400px\" \/>\t\t\t\t\t\t\t\t\t\t\t\t\t\t\t<\/div>\n\t\t\t\t<\/div>\n\t\t\t\t<\/div>\n\t\t<div class=\"elementor-element elementor-element-d825e13 e-flex e-con-boxed e-con e-parent\" data-id=\"d825e13\" data-element_type=\"container\">\n\t\t\t\t\t<div class=\"e-con-inner\">\n\t\t\t\t<div class=\"elementor-element elementor-element-212870d elementor-widget elementor-widget-heading\" data-id=\"212870d\" data-element_type=\"widget\" data-widget_type=\"heading.default\">\n\t\t\t\t<div class=\"elementor-widget-container\">\n\t\t\t\t\t<h3 class=\"elementor-heading-title elementor-size-default\">INCLUIDO CON FORNEYVAULT\n<\/h3>\t\t\t\t<\/div>\n\t\t\t\t<\/div>\n\t\t\t\t<div class=\"elementor-element elementor-element-d9b2fc8 elementor-widget__width-initial elementor-widget elementor-widget-text-editor\" data-id=\"d9b2fc8\" data-element_type=\"widget\" data-widget_type=\"text-editor.default\">\n\t\t\t\t<div class=\"elementor-widget-container\">\n\t\t\t\t\t\t\t\t\t<p>ForneyTools est\u00e1 disponible gratis con una suscripci\u00f3n anual a nuestra plataforma de ensayos de materiales basada en la nube, ForneyVault. Cierre el ciclo entre la creaci\u00f3n de muestras, los ensayos y la gesti\u00f3n de datos con ForneyVault + ForneyTools.<\/p>\t\t\t\t\t\t\t\t<\/div>\n\t\t\t\t<\/div>\n\t\t\t\t\t<\/div>\n\t\t\t\t<\/div>\n\t\t<div class=\"elementor-element elementor-element-2723757 e-con-full e-flex e-con e-parent\" data-id=\"2723757\" data-element_type=\"container\" data-settings=\"{&quot;background_background&quot;:&quot;classic&quot;}\">\n\t\t\t\t<div class=\"elementor-element elementor-element-84114c3 elementor-widget elementor-widget-button\" data-id=\"84114c3\" data-element_type=\"widget\" data-widget_type=\"button.default\">\n\t\t\t\t<div class=\"elementor-widget-container\">\n\t\t\t\t\t\t\t\t\t<div class=\"elementor-button-wrapper\">\n\t\t\t\t\t<a class=\"elementor-button elementor-button-link elementor-size-sm\" href=\"https:\/\/forneyonline.com\/es\/demo\/\">\n\t\t\t\t\t\t<span class=\"elementor-button-content-wrapper\">\n\t\t\t\t\t\t\t\t\t<span class=\"elementor-button-text\">VER C\u00d3MO<\/span>\n\t\t\t\t\t<\/span>\n\t\t\t\t\t<\/a>\n\t\t\t\t<\/div>\n\t\t\t\t\t\t\t\t<\/div>\n\t\t\t\t<\/div>\n\t\t\t\t<\/div>\n\t\t\t\t\t<\/div>\n\t\t\t\t<\/div>\n\t\t<div class=\"elementor-element elementor-element-5371b3b3 e-con-full e-flex e-con e-parent\" data-id=\"5371b3b3\" data-element_type=\"container\">\n\t\t\t\t<div class=\"elementor-element elementor-element-67e2d42e elementor-widget elementor-widget-shortcode\" data-id=\"67e2d42e\" data-element_type=\"widget\" data-widget_type=\"shortcode.default\">\n\t\t\t\t<div class=\"elementor-widget-container\">\n\t\t\t\t\t\t\t<div class=\"elementor-shortcode\">\t\t<div data-elementor-type=\"container\" data-elementor-id=\"2959\" class=\"elementor elementor-2959 elementor-821\" data-elementor-post-type=\"elementor_library\">\n\t\t\t\t<div class=\"elementor-element elementor-element-5a2c7f5c e-flex e-con-boxed e-con e-parent\" data-id=\"5a2c7f5c\" data-element_type=\"container\" data-settings=\"{&quot;background_background&quot;:&quot;classic&quot;}\">\n\t\t\t\t\t<div class=\"e-con-inner\">\n\t\t\t\t<div class=\"elementor-element elementor-element-2cee63b elementor-widget elementor-widget-heading\" data-id=\"2cee63b\" data-element_type=\"widget\" data-widget_type=\"heading.default\">\n\t\t\t\t<div class=\"elementor-widget-container\">\n\t\t\t\t\t<h2 class=\"elementor-heading-title elementor-size-default\">RECIBAS LAS \u00daLTIMAS NOVEDADES DE FORNEY EN SU BANDEJA DE ENTRADA<\/h2>\t\t\t\t<\/div>\n\t\t\t\t<\/div>\n\t\t\t\t<div class=\"elementor-element elementor-element-92d98a4 elementor-widget elementor-widget-text-editor\" data-id=\"92d98a4\" data-element_type=\"widget\" data-widget_type=\"text-editor.default\">\n\t\t\t\t<div class=\"elementor-widget-container\">\n\t\t\t\t\t\t\t\t\t<p>Ingrese su correo electr\u00f3nico a continuaci\u00f3n para suscribirse al bolet\u00edn de Forney.<\/p>\t\t\t\t\t\t\t\t<\/div>\n\t\t\t\t<\/div>\n\t\t\t\t<div class=\"elementor-element elementor-element-73fa4c4 elementor-widget elementor-widget-html\" data-id=\"73fa4c4\" data-element_type=\"widget\" data-widget_type=\"html.default\">\n\t\t\t\t<div class=\"elementor-widget-container\">\n\t\t\t\t\t<script charset=\"utf-8\" type=\"text\/javascript\" src=\"\/\/js.hsforms.net\/forms\/shell.js\"><\/script> <script>\r\nhbspt.forms.create({\r\nportalId: \"7040215\",\r\nformId: \"833ff817-c2ec-4667-9ae8-aea74b057f7b\"\r\n});\r\n<\/script>\t\t\t\t<\/div>\n\t\t\t\t<\/div>\n\t\t\t\t\t<\/div>\n\t\t\t\t<\/div>\n\t\t\t\t<\/div>\n\t\t<\/div>\n\t\t\t\t\t\t<\/div>\n\t\t\t\t<\/div>\n\t\t\t\t<\/div>\n\t\t\t\t<\/div>\n\t\t","protected":false},"excerpt":{"rendered":"<p>\u00bfNO TIENE UN LIMS? NO SE PREOCUPE. ForneyTools gestiona sus flujos de trabajo de ensayos sin gastos generales adicionales. Nuestro software de ensayo de materiales de construcci\u00f3n lo ayuda a acceder, analizar e informar de manera segura los resultados de los ensayos de ForneyVault\u00ae. CONSIGA UNA DEMOSTRACI\u00d3N ACCESO DATOS DE FORNEYVAULT Importe los resultados de&#8230;<\/p>\n","protected":false},"author":1,"featured_media":0,"parent":3060,"menu_order":0,"comment_status":"closed","ping_status":"closed","template":"","meta":{"_acf_changed":false,"content-type":"","footnotes":""},"class_list":["post-3088","page","type-page","status-publish","hentry"],"acf":[],"yoast_head":"<!-- This site is optimized with the Yoast SEO plugin v25.6 - https:\/\/yoast.com\/wordpress\/plugins\/seo\/ -->\n<title>Herramientas Forney | Forney Online<\/title>\n<meta name=\"robots\" content=\"index, follow, max-snippet:-1, max-image-preview:large, max-video-preview:-1\" \/>\n<link rel=\"canonical\" href=\"https:\/\/forneyonline.com\/es\/soluciones-automatizadas\/herramientas-forney\/\" \/>\n<meta property=\"og:locale\" content=\"es_ES\" \/>\n<meta property=\"og:type\" content=\"article\" \/>\n<meta property=\"og:title\" content=\"Herramientas Forney | Forney Online\" \/>\n<meta property=\"og:description\" content=\"\u00bfNO TIENE UN LIMS? NO SE PREOCUPE. ForneyTools gestiona sus flujos de trabajo de ensayos sin gastos generales adicionales. Nuestro software de ensayo de materiales de construcci\u00f3n lo ayuda a acceder, analizar e informar de manera segura los resultados de los ensayos de ForneyVault\u00ae. CONSIGA UNA DEMOSTRACI\u00d3N ACCESO DATOS DE FORNEYVAULT Importe los resultados de...\" \/>\n<meta property=\"og:url\" content=\"https:\/\/forneyonline.com\/es\/soluciones-automatizadas\/herramientas-forney\/\" \/>\n<meta property=\"og:site_name\" content=\"Forney Online\" \/>\n<meta property=\"article:modified_time\" content=\"2023-05-30T16:56:05+00:00\" \/>\n<meta property=\"og:image\" content=\"https:\/\/forneyonline.com\/wp-content\/uploads\/2023\/03\/ForneyTools3.svg\" \/>\n<meta name=\"twitter:card\" content=\"summary_large_image\" \/>\n<meta name=\"twitter:label1\" content=\"Tiempo de lectura\" \/>\n\t<meta name=\"twitter:data1\" content=\"3 minutos\" \/>\n<script type=\"application\/ld+json\" class=\"yoast-schema-graph\">{\"@context\":\"https:\/\/schema.org\",\"@graph\":[{\"@type\":\"WebPage\",\"@id\":\"https:\/\/forneyonline.com\/es\/soluciones-automatizadas\/herramientas-forney\/\",\"url\":\"https:\/\/forneyonline.com\/es\/soluciones-automatizadas\/herramientas-forney\/\",\"name\":\"Herramientas Forney | Forney Online\",\"isPartOf\":{\"@id\":\"https:\/\/forneyonline.com\/#website\"},\"primaryImageOfPage\":{\"@id\":\"https:\/\/forneyonline.com\/es\/soluciones-automatizadas\/herramientas-forney\/#primaryimage\"},\"image\":{\"@id\":\"https:\/\/forneyonline.com\/es\/soluciones-automatizadas\/herramientas-forney\/#primaryimage\"},\"thumbnailUrl\":\"https:\/\/forneyonline.com\/wp-content\/uploads\/2023\/03\/ForneyTools3.svg\",\"datePublished\":\"2023-02-21T15:28:51+00:00\",\"dateModified\":\"2023-05-30T16:56:05+00:00\",\"breadcrumb\":{\"@id\":\"https:\/\/forneyonline.com\/es\/soluciones-automatizadas\/herramientas-forney\/#breadcrumb\"},\"inLanguage\":\"es\",\"potentialAction\":[{\"@type\":\"ReadAction\",\"target\":[\"https:\/\/forneyonline.com\/es\/soluciones-automatizadas\/herramientas-forney\/\"]}]},{\"@type\":\"ImageObject\",\"inLanguage\":\"es\",\"@id\":\"https:\/\/forneyonline.com\/es\/soluciones-automatizadas\/herramientas-forney\/#primaryimage\",\"url\":\"https:\/\/forneyonline.com\/wp-content\/uploads\/2023\/03\/ForneyTools3.svg\",\"contentUrl\":\"https:\/\/forneyonline.com\/wp-content\/uploads\/2023\/03\/ForneyTools3.svg\"},{\"@type\":\"BreadcrumbList\",\"@id\":\"https:\/\/forneyonline.com\/es\/soluciones-automatizadas\/herramientas-forney\/#breadcrumb\",\"itemListElement\":[{\"@type\":\"ListItem\",\"position\":1,\"name\":\"Home\",\"item\":\"https:\/\/forneyonline.com\/es\/\"},{\"@type\":\"ListItem\",\"position\":2,\"name\":\"VERDADERAS SOLUCIONES AUTOMATIZADAS SOLUCIONES AUTOMATIZADAS\",\"item\":\"https:\/\/forneyonline.com\/es\/soluciones-automatizadas\/\"},{\"@type\":\"ListItem\",\"position\":3,\"name\":\"Herramientas Forney\"}]},{\"@type\":\"WebSite\",\"@id\":\"https:\/\/forneyonline.com\/#website\",\"url\":\"https:\/\/forneyonline.com\/\",\"name\":\"Forney Online\",\"description\":\"\",\"publisher\":{\"@id\":\"https:\/\/forneyonline.com\/#organization\"},\"potentialAction\":[{\"@type\":\"SearchAction\",\"target\":{\"@type\":\"EntryPoint\",\"urlTemplate\":\"https:\/\/forneyonline.com\/?s={search_term_string}\"},\"query-input\":{\"@type\":\"PropertyValueSpecification\",\"valueRequired\":true,\"valueName\":\"search_term_string\"}}],\"inLanguage\":\"es\"},{\"@type\":\"Organization\",\"@id\":\"https:\/\/forneyonline.com\/#organization\",\"name\":\"Forney Online\",\"url\":\"https:\/\/forneyonline.com\/\",\"logo\":{\"@type\":\"ImageObject\",\"inLanguage\":\"es\",\"@id\":\"https:\/\/forneyonline.com\/#\/schema\/logo\/image\/\",\"url\":\"https:\/\/forneyonline.com\/wp-content\/uploads\/2024\/03\/ForneyLogo_Black.png\",\"contentUrl\":\"https:\/\/forneyonline.com\/wp-content\/uploads\/2024\/03\/ForneyLogo_Black.png\",\"width\":1024,\"height\":178,\"caption\":\"Forney Online\"},\"image\":{\"@id\":\"https:\/\/forneyonline.com\/#\/schema\/logo\/image\/\"}}]}<\/script>\n<!-- \/ Yoast SEO plugin. -->","yoast_head_json":{"title":"Herramientas Forney | Forney Online","robots":{"index":"index","follow":"follow","max-snippet":"max-snippet:-1","max-image-preview":"max-image-preview:large","max-video-preview":"max-video-preview:-1"},"canonical":"https:\/\/forneyonline.com\/es\/soluciones-automatizadas\/herramientas-forney\/","og_locale":"es_ES","og_type":"article","og_title":"Herramientas Forney | Forney Online","og_description":"\u00bfNO TIENE UN LIMS? NO SE PREOCUPE. ForneyTools gestiona sus flujos de trabajo de ensayos sin gastos generales adicionales. Nuestro software de ensayo de materiales de construcci\u00f3n lo ayuda a acceder, analizar e informar de manera segura los resultados de los ensayos de ForneyVault\u00ae. CONSIGA UNA DEMOSTRACI\u00d3N ACCESO DATOS DE FORNEYVAULT Importe los resultados de...","og_url":"https:\/\/forneyonline.com\/es\/soluciones-automatizadas\/herramientas-forney\/","og_site_name":"Forney Online","article_modified_time":"2023-05-30T16:56:05+00:00","og_image":[{"url":"https:\/\/forneyonline.com\/wp-content\/uploads\/2023\/03\/ForneyTools3.svg","type":"","width":"","height":""}],"twitter_card":"summary_large_image","twitter_misc":{"Tiempo de lectura":"3 minutos"},"schema":{"@context":"https:\/\/schema.org","@graph":[{"@type":"WebPage","@id":"https:\/\/forneyonline.com\/es\/soluciones-automatizadas\/herramientas-forney\/","url":"https:\/\/forneyonline.com\/es\/soluciones-automatizadas\/herramientas-forney\/","name":"Herramientas Forney | Forney Online","isPartOf":{"@id":"https:\/\/forneyonline.com\/#website"},"primaryImageOfPage":{"@id":"https:\/\/forneyonline.com\/es\/soluciones-automatizadas\/herramientas-forney\/#primaryimage"},"image":{"@id":"https:\/\/forneyonline.com\/es\/soluciones-automatizadas\/herramientas-forney\/#primaryimage"},"thumbnailUrl":"https:\/\/forneyonline.com\/wp-content\/uploads\/2023\/03\/ForneyTools3.svg","datePublished":"2023-02-21T15:28:51+00:00","dateModified":"2023-05-30T16:56:05+00:00","breadcrumb":{"@id":"https:\/\/forneyonline.com\/es\/soluciones-automatizadas\/herramientas-forney\/#breadcrumb"},"inLanguage":"es","potentialAction":[{"@type":"ReadAction","target":["https:\/\/forneyonline.com\/es\/soluciones-automatizadas\/herramientas-forney\/"]}]},{"@type":"ImageObject","inLanguage":"es","@id":"https:\/\/forneyonline.com\/es\/soluciones-automatizadas\/herramientas-forney\/#primaryimage","url":"https:\/\/forneyonline.com\/wp-content\/uploads\/2023\/03\/ForneyTools3.svg","contentUrl":"https:\/\/forneyonline.com\/wp-content\/uploads\/2023\/03\/ForneyTools3.svg"},{"@type":"BreadcrumbList","@id":"https:\/\/forneyonline.com\/es\/soluciones-automatizadas\/herramientas-forney\/#breadcrumb","itemListElement":[{"@type":"ListItem","position":1,"name":"Home","item":"https:\/\/forneyonline.com\/es\/"},{"@type":"ListItem","position":2,"name":"VERDADERAS SOLUCIONES AUTOMATIZADAS SOLUCIONES AUTOMATIZADAS","item":"https:\/\/forneyonline.com\/es\/soluciones-automatizadas\/"},{"@type":"ListItem","position":3,"name":"Herramientas Forney"}]},{"@type":"WebSite","@id":"https:\/\/forneyonline.com\/#website","url":"https:\/\/forneyonline.com\/","name":"Forney Online","description":"","publisher":{"@id":"https:\/\/forneyonline.com\/#organization"},"potentialAction":[{"@type":"SearchAction","target":{"@type":"EntryPoint","urlTemplate":"https:\/\/forneyonline.com\/?s={search_term_string}"},"query-input":{"@type":"PropertyValueSpecification","valueRequired":true,"valueName":"search_term_string"}}],"inLanguage":"es"},{"@type":"Organization","@id":"https:\/\/forneyonline.com\/#organization","name":"Forney Online","url":"https:\/\/forneyonline.com\/","logo":{"@type":"ImageObject","inLanguage":"es","@id":"https:\/\/forneyonline.com\/#\/schema\/logo\/image\/","url":"https:\/\/forneyonline.com\/wp-content\/uploads\/2024\/03\/ForneyLogo_Black.png","contentUrl":"https:\/\/forneyonline.com\/wp-content\/uploads\/2024\/03\/ForneyLogo_Black.png","width":1024,"height":178,"caption":"Forney Online"},"image":{"@id":"https:\/\/forneyonline.com\/#\/schema\/logo\/image\/"}}]}},"_links":{"self":[{"href":"https:\/\/forneyonline.com\/es\/wp-json\/wp\/v2\/pages\/3088","targetHints":{"allow":["GET"]}}],"collection":[{"href":"https:\/\/forneyonline.com\/es\/wp-json\/wp\/v2\/pages"}],"about":[{"href":"https:\/\/forneyonline.com\/es\/wp-json\/wp\/v2\/types\/page"}],"author":[{"embeddable":true,"href":"https:\/\/forneyonline.com\/es\/wp-json\/wp\/v2\/users\/1"}],"replies":[{"embeddable":true,"href":"https:\/\/forneyonline.com\/es\/wp-json\/wp\/v2\/comments?post=3088"}],"version-history":[{"count":0,"href":"https:\/\/forneyonline.com\/es\/wp-json\/wp\/v2\/pages\/3088\/revisions"}],"up":[{"embeddable":true,"href":"https:\/\/forneyonline.com\/es\/wp-json\/wp\/v2\/pages\/3060"}],"wp:attachment":[{"href":"https:\/\/forneyonline.com\/es\/wp-json\/wp\/v2\/media?parent=3088"}],"curies":[{"name":"wp","href":"https:\/\/api.w.org\/{rel}","templated":true}]}}