{"id":3101,"date":"2023-02-21T15:26:43","date_gmt":"2023-02-21T15:26:43","guid":{"rendered":"https:\/\/forneyonline.com\/?page_id=3101"},"modified":"2023-09-12T15:23:38","modified_gmt":"2023-09-12T15:23:38","slug":"forney-field","status":"publish","type":"page","link":"https:\/\/forneyonline.com\/es\/soluciones-automatizadas\/forney-field\/","title":{"rendered":"Forney Field"},"content":{"rendered":"\t\t<div data-elementor-type=\"wp-page\" data-elementor-id=\"3101\" class=\"elementor elementor-3101 elementor-59\" data-elementor-post-type=\"page\">\n\t\t\t\t<div class=\"elementor-element elementor-element-8b4577d e-flex e-con-boxed e-con e-parent\" data-id=\"8b4577d\" data-element_type=\"container\" data-settings=\"{&quot;background_background&quot;:&quot;classic&quot;}\">\n\t\t\t\t\t<div class=\"e-con-inner\">\n\t\t\t\t<div class=\"elementor-element elementor-element-b991312 elementor-widget elementor-widget-image\" data-id=\"b991312\" data-element_type=\"widget\" data-widget_type=\"image.default\">\n\t\t\t\t<div class=\"elementor-widget-container\">\n\t\t\t\t\t\t\t\t\t\t\t\t\t\t\t<img decoding=\"async\" src=\"https:\/\/forneyonline.com\/wp-content\/uploads\/2023\/09\/forneyfield_reversedr.svg\" class=\"attachment-large size-large wp-image-3584\" alt=\"\" \/>\t\t\t\t\t\t\t\t\t\t\t\t\t\t\t<\/div>\n\t\t\t\t<\/div>\n\t\t\t\t<div class=\"elementor-element elementor-element-2bd4ca3 elementor-widget elementor-widget-heading\" data-id=\"2bd4ca3\" data-element_type=\"widget\" data-widget_type=\"heading.default\">\n\t\t\t\t<div class=\"elementor-widget-container\">\n\t\t\t\t\t<h2 class=\"elementor-heading-title elementor-size-default\"><span style=\"color: #ff5800\">APLICACI\u00d3N M\u00d3VIL<\/span> PARA FLUJOS DE TRABAJO DE CMT DE EXTREMO A EXTREMO<\/h2>\t\t\t\t<\/div>\n\t\t\t\t<\/div>\n\t\t\t\t<div class=\"elementor-element elementor-element-e1b064e elementor-widget__width-initial elementor-widget elementor-widget-text-editor\" data-id=\"e1b064e\" data-element_type=\"widget\" data-widget_type=\"text-editor.default\">\n\t\t\t\t<div class=\"elementor-widget-container\">\n\t\t\t\t\t\t\t\t\t<p>Realice un seguimiento de los datos de las muestras y del lugar con ForneyField, una aplicaci\u00f3n m\u00f3vil con ForneyVault que utilizan los t\u00e9cnicos de campo, los directores de laboratorio y de proyectos y los ingenieros principales para garantizar una cadena de custodia completa para todas las partes interesadas del proyecto.<\/p>\t\t\t\t\t\t\t\t<\/div>\n\t\t\t\t<\/div>\n\t\t<div class=\"elementor-element elementor-element-1613894 e-flex e-con-boxed e-con e-parent\" data-id=\"1613894\" data-element_type=\"container\">\n\t\t\t\t\t<div class=\"e-con-inner\">\n\t\t\t\t<div class=\"elementor-element elementor-element-3af5b3e elementor-align-center elementor-widget elementor-widget-button\" data-id=\"3af5b3e\" data-element_type=\"widget\" data-widget_type=\"button.default\">\n\t\t\t\t<div class=\"elementor-widget-container\">\n\t\t\t\t\t\t\t\t\t<div class=\"elementor-button-wrapper\">\n\t\t\t\t\t<a class=\"elementor-button elementor-button-link elementor-size-sm\" href=\"https:\/\/forneyvault.com\/forneyfield\/?__hstc=165035048.0771963d950bfcdd7aa3773cd91d75c3.1676880005897.1677851828561.1678367732289.31&#038;__hssc=165035048.12.1678367732289&#038;__hsfp=2638117779\">\n\t\t\t\t\t\t<span class=\"elementor-button-content-wrapper\">\n\t\t\t\t\t\t\t\t\t<span class=\"elementor-button-text\">OBTENGA M\u00c1S INFORMACI\u00d3N<\/span>\n\t\t\t\t\t<\/span>\n\t\t\t\t\t<\/a>\n\t\t\t\t<\/div>\n\t\t\t\t\t\t\t\t<\/div>\n\t\t\t\t<\/div>\n\t\t\t\t<div class=\"elementor-element elementor-element-243b7dc elementor-align-center elementor-widget elementor-widget-button\" data-id=\"243b7dc\" data-element_type=\"widget\" data-widget_type=\"button.default\">\n\t\t\t\t<div class=\"elementor-widget-container\">\n\t\t\t\t\t\t\t\t\t<div class=\"elementor-button-wrapper\">\n\t\t\t\t\t<a class=\"elementor-button elementor-button-link elementor-size-sm\" href=\"https:\/\/forneyonline.com\/es\/solicite-una-demostracion-de-forneyfield\/\">\n\t\t\t\t\t\t<span class=\"elementor-button-content-wrapper\">\n\t\t\t\t\t\t\t\t\t<span class=\"elementor-button-text\">CONSIGA UNA DEMOSTRACI\u00d3N<\/span>\n\t\t\t\t\t<\/span>\n\t\t\t\t\t<\/a>\n\t\t\t\t<\/div>\n\t\t\t\t\t\t\t\t<\/div>\n\t\t\t\t<\/div>\n\t\t\t\t\t<\/div>\n\t\t\t\t<\/div>\n\t\t\t\t\t<\/div>\n\t\t\t\t<\/div>\n\t\t<div class=\"elementor-element elementor-element-e6fb8d2 is-font-small e-flex e-con-boxed e-con e-parent\" data-id=\"e6fb8d2\" data-element_type=\"container\">\n\t\t\t\t\t<div class=\"e-con-inner\">\n\t\t<div class=\"elementor-element elementor-element-44aa9fd e-con-full e-flex e-con e-parent\" data-id=\"44aa9fd\" data-element_type=\"container\">\n\t\t<div class=\"elementor-element elementor-element-1418416 e-con-full e-flex e-con e-parent\" data-id=\"1418416\" data-element_type=\"container\">\n\t\t\t\t<div class=\"elementor-element elementor-element-ce77873 elementor-widget elementor-widget-heading\" data-id=\"ce77873\" data-element_type=\"widget\" data-widget_type=\"heading.default\">\n\t\t\t\t<div class=\"elementor-widget-container\">\n\t\t\t\t\t<h3 class=\"elementor-heading-title elementor-size-default\"><span style=\"color: #ff5800\">CAPTURAR<\/span>,<span style=\"color: #ff5800\"> RECLAMAR<\/span>,\n<span style=\"color: #ff5800\">LOCALIZAR<\/span> Y <span style=\"color: #ff5800\">SINCRONIZAR<\/span> DATOS\n<\/h3>\t\t\t\t<\/div>\n\t\t\t\t<\/div>\n\t\t\t\t<div class=\"elementor-element elementor-element-105f3d9 elementor-widget elementor-widget-text-editor\" data-id=\"105f3d9\" data-element_type=\"widget\" data-widget_type=\"text-editor.default\">\n\t\t\t\t<div class=\"elementor-widget-container\">\n\t\t\t\t\t\t\t\t\t<ul>\n<li>Capture datos de muestra y cree nuevos espec\u00edmenes cuando llegue un nuevo lote de concreto al lugar.<\/li>\n<li>Filtre las muestras y asigne el estado de la cadena de custodia a los espec\u00edmenes de cada muestra para impulsar la responsabilidad en el lugar de trabajo.<\/li>\n<li>Vea un mapa con alfileres que muestran la ubicaci\u00f3n exacta de las muestras en el lugar de trabajo.<\/li>\n<li>Ingrese informaci\u00f3n sin conectividad y, una vez que se haya conectado, sincronice autom\u00e1ticamente los datos con la base de datos de ForneyVault para informar los pasos futuros en el flujo de trabajo de ensayo de materiales de construcci\u00f3n (CMT).<\/li>\n<\/ul>\t\t\t\t\t\t\t\t<\/div>\n\t\t\t\t<\/div>\n\t\t\t\t<\/div>\n\t\t<div class=\"elementor-element elementor-element-6536fb7 e-con-full e-flex e-con e-parent\" data-id=\"6536fb7\" data-element_type=\"container\">\n\t\t\t\t<div class=\"elementor-element elementor-element-1f6dc8d elementor-widget elementor-widget-image\" data-id=\"1f6dc8d\" data-element_type=\"widget\" data-widget_type=\"image.default\">\n\t\t\t\t<div class=\"elementor-widget-container\">\n\t\t\t\t\t\t\t\t\t\t\t\t\t\t\t<img fetchpriority=\"high\" decoding=\"async\" width=\"1024\" height=\"973\" src=\"https:\/\/forneyonline.com\/wp-content\/uploads\/2023\/03\/Smartphone-Mockup-1024x973-1.jpg\" class=\"attachment-large size-large wp-image-886\" alt=\"\" srcset=\"https:\/\/forneyonline.com\/wp-content\/uploads\/2023\/03\/Smartphone-Mockup-1024x973-1.jpg 1024w, https:\/\/forneyonline.com\/wp-content\/uploads\/2023\/03\/Smartphone-Mockup-1024x973-1-300x285.jpg 300w, https:\/\/forneyonline.com\/wp-content\/uploads\/2023\/03\/Smartphone-Mockup-1024x973-1-768x730.jpg 768w\" sizes=\"(max-width: 1024px) 100vw, 1024px\" \/>\t\t\t\t\t\t\t\t\t\t\t\t\t\t\t<\/div>\n\t\t\t\t<\/div>\n\t\t\t\t<\/div>\n\t\t\t\t<\/div>\n\t\t<div class=\"elementor-element elementor-element-9409cfd e-con-full e-flex e-con e-parent\" data-id=\"9409cfd\" data-element_type=\"container\">\n\t\t<div class=\"elementor-element elementor-element-2f26294 e-con-full e-flex e-con e-parent\" data-id=\"2f26294\" data-element_type=\"container\">\n\t\t\t\t<div class=\"elementor-element elementor-element-ecf5d6a elementor-widget elementor-widget-image\" data-id=\"ecf5d6a\" data-element_type=\"widget\" data-widget_type=\"image.default\">\n\t\t\t\t<div class=\"elementor-widget-container\">\n\t\t\t\t\t\t\t\t\t\t\t\t\t\t\t<img decoding=\"async\" width=\"1024\" height=\"973\" src=\"https:\/\/forneyonline.com\/wp-content\/uploads\/2023\/03\/Tools4-1024x973-1.png\" class=\"attachment-large size-large wp-image-1001\" alt=\"\" srcset=\"https:\/\/forneyonline.com\/wp-content\/uploads\/2023\/03\/Tools4-1024x973-1.png 1024w, https:\/\/forneyonline.com\/wp-content\/uploads\/2023\/03\/Tools4-1024x973-1-300x285.png 300w, https:\/\/forneyonline.com\/wp-content\/uploads\/2023\/03\/Tools4-1024x973-1-768x730.png 768w\" sizes=\"(max-width: 1024px) 100vw, 1024px\" \/>\t\t\t\t\t\t\t\t\t\t\t\t\t\t\t<\/div>\n\t\t\t\t<\/div>\n\t\t\t\t<\/div>\n\t\t<div class=\"elementor-element elementor-element-33c06fe e-con-full e-flex e-con e-parent\" data-id=\"33c06fe\" data-element_type=\"container\">\n\t\t\t\t<div class=\"elementor-element elementor-element-45c8713 elementor-widget elementor-widget-heading\" data-id=\"45c8713\" data-element_type=\"widget\" data-widget_type=\"heading.default\">\n\t\t\t\t<div class=\"elementor-widget-container\">\n\t\t\t\t\t<h3 class=\"elementor-heading-title elementor-size-default\"><span style=\"color: #ff5800\">VALIDAR <\/span> TRABAJO DE CAMPO CON PRUEBAS DE LABORATORIO<\/h3>\t\t\t\t<\/div>\n\t\t\t\t<\/div>\n\t\t\t\t<div class=\"elementor-element elementor-element-8e48cdf elementor-widget elementor-widget-text-editor\" data-id=\"8e48cdf\" data-element_type=\"widget\" data-widget_type=\"text-editor.default\">\n\t\t\t\t<div class=\"elementor-widget-container\">\n\t\t\t\t\t\t\t\t\t<ul><li>Filtre los datos por laboratorio, proyecto, tipo de prueba, y m\u00e1s<\/li><li>Conf\u00ede en que sus materiales satisfacen las especificaciones de su proyecto<\/li><li>Aumente la productividad y la rentabilidad optimizando los flujos de trabajo complejos<\/li><li>Cierre por completo la falta de datos y evite la falta de comunicaci\u00f3n y las discrepancias a medida que los datos pasan del trabajo en campo, al laboratorio, a la oficina y m\u00e1s<\/li><\/ul>\t\t\t\t\t\t\t\t<\/div>\n\t\t\t\t<\/div>\n\t\t\t\t<\/div>\n\t\t\t\t<\/div>\n\t\t\t\t\t<\/div>\n\t\t\t\t<\/div>\n\t\t<div class=\"elementor-element elementor-element-9cb5665 e-flex e-con-boxed e-con e-parent\" data-id=\"9cb5665\" data-element_type=\"container\">\n\t\t\t\t\t<div class=\"e-con-inner\">\n\t\t<div class=\"elementor-element elementor-element-98ec733 e-con-full e-flex e-con e-parent\" data-id=\"98ec733\" data-element_type=\"container\" data-settings=\"{&quot;background_background&quot;:&quot;classic&quot;}\">\n\t\t\t\t<div class=\"elementor-element elementor-element-6034b0c elementor-widget elementor-widget-image\" data-id=\"6034b0c\" data-element_type=\"widget\" data-widget_type=\"image.default\">\n\t\t\t\t<div class=\"elementor-widget-container\">\n\t\t\t\t\t\t\t\t\t\t\t\t\t\t\t<img decoding=\"async\" width=\"341\" height=\"88\" src=\"https:\/\/forneyonline.com\/wp-content\/uploads\/2023\/09\/LogosNew_updated-1.jpg\" class=\"attachment-large size-large wp-image-3593\" alt=\"\" srcset=\"https:\/\/forneyonline.com\/wp-content\/uploads\/2023\/09\/LogosNew_updated-1.jpg 341w, https:\/\/forneyonline.com\/wp-content\/uploads\/2023\/09\/LogosNew_updated-1-300x77.jpg 300w\" sizes=\"(max-width: 341px) 100vw, 341px\" \/>\t\t\t\t\t\t\t\t\t\t\t\t\t\t\t<\/div>\n\t\t\t\t<\/div>\n\t\t\t\t<\/div>\n\t\t<div class=\"elementor-element elementor-element-ed6b5a2 e-flex e-con-boxed e-con e-parent\" data-id=\"ed6b5a2\" data-element_type=\"container\">\n\t\t\t\t\t<div class=\"e-con-inner\">\n\t\t\t\t<div class=\"elementor-element elementor-element-f26618f elementor-widget elementor-widget-heading\" data-id=\"f26618f\" data-element_type=\"widget\" data-widget_type=\"heading.default\">\n\t\t\t\t<div class=\"elementor-widget-container\">\n\t\t\t\t\t<h3 class=\"elementor-heading-title elementor-size-default\">INCLUIDO CON FORNEYVAULT\n<\/h3>\t\t\t\t<\/div>\n\t\t\t\t<\/div>\n\t\t\t\t<div class=\"elementor-element elementor-element-5569049 elementor-widget__width-initial elementor-widget elementor-widget-text-editor\" data-id=\"5569049\" data-element_type=\"widget\" data-widget_type=\"text-editor.default\">\n\t\t\t\t<div class=\"elementor-widget-container\">\n\t\t\t\t\t\t\t\t\t<p>ForneyField est\u00e1 disponible para los suscriptores de ForneyVault que usan ForneyTools como su software de prueba de concreto esencial. Cierre el c\u00edrculo entre la creaci\u00f3n de muestras, las pruebas y la gesti\u00f3n de datos con ForneyTools + ForneyField.<\/p>\t\t\t\t\t\t\t\t<\/div>\n\t\t\t\t<\/div>\n\t\t\t\t\t<\/div>\n\t\t\t\t<\/div>\n\t\t<div class=\"elementor-element elementor-element-a3f82c0 e-con-full e-flex e-con e-parent\" data-id=\"a3f82c0\" data-element_type=\"container\" data-settings=\"{&quot;background_background&quot;:&quot;classic&quot;}\">\n\t\t\t\t<div class=\"elementor-element elementor-element-63a6832 elementor-widget elementor-widget-button\" data-id=\"63a6832\" data-element_type=\"widget\" data-widget_type=\"button.default\">\n\t\t\t\t<div class=\"elementor-widget-container\">\n\t\t\t\t\t\t\t\t\t<div class=\"elementor-button-wrapper\">\n\t\t\t\t\t<a class=\"elementor-button elementor-button-link elementor-size-sm\" href=\"https:\/\/forneyonline.com\/es\/solicite-una-demostracion-de-forneyfield\/\">\n\t\t\t\t\t\t<span class=\"elementor-button-content-wrapper\">\n\t\t\t\t\t\t\t\t\t<span class=\"elementor-button-text\">DESCUBRA C\u00d3MO<\/span>\n\t\t\t\t\t<\/span>\n\t\t\t\t\t<\/a>\n\t\t\t\t<\/div>\n\t\t\t\t\t\t\t\t<\/div>\n\t\t\t\t<\/div>\n\t\t\t\t<\/div>\n\t\t\t\t\t<\/div>\n\t\t\t\t<\/div>\n\t\t<div class=\"elementor-element elementor-element-3fdc7302 e-con-full e-flex e-con e-parent\" data-id=\"3fdc7302\" data-element_type=\"container\">\n\t\t\t\t<div class=\"elementor-element elementor-element-60554761 elementor-widget elementor-widget-shortcode\" data-id=\"60554761\" data-element_type=\"widget\" data-widget_type=\"shortcode.default\">\n\t\t\t\t<div class=\"elementor-widget-container\">\n\t\t\t\t\t\t\t<div class=\"elementor-shortcode\">\t\t<div data-elementor-type=\"container\" data-elementor-id=\"2959\" class=\"elementor elementor-2959 elementor-821\" data-elementor-post-type=\"elementor_library\">\n\t\t\t\t<div class=\"elementor-element elementor-element-5a2c7f5c e-flex e-con-boxed e-con e-parent\" data-id=\"5a2c7f5c\" data-element_type=\"container\" data-settings=\"{&quot;background_background&quot;:&quot;classic&quot;}\">\n\t\t\t\t\t<div class=\"e-con-inner\">\n\t\t\t\t<div class=\"elementor-element elementor-element-2cee63b elementor-widget elementor-widget-heading\" data-id=\"2cee63b\" data-element_type=\"widget\" data-widget_type=\"heading.default\">\n\t\t\t\t<div class=\"elementor-widget-container\">\n\t\t\t\t\t<h2 class=\"elementor-heading-title elementor-size-default\">RECIBAS LAS \u00daLTIMAS NOVEDADES DE FORNEY EN SU BANDEJA DE ENTRADA<\/h2>\t\t\t\t<\/div>\n\t\t\t\t<\/div>\n\t\t\t\t<div class=\"elementor-element elementor-element-92d98a4 elementor-widget elementor-widget-text-editor\" data-id=\"92d98a4\" data-element_type=\"widget\" data-widget_type=\"text-editor.default\">\n\t\t\t\t<div class=\"elementor-widget-container\">\n\t\t\t\t\t\t\t\t\t<p>Ingrese su correo electr\u00f3nico a continuaci\u00f3n para suscribirse al bolet\u00edn de Forney.<\/p>\t\t\t\t\t\t\t\t<\/div>\n\t\t\t\t<\/div>\n\t\t\t\t<div class=\"elementor-element elementor-element-73fa4c4 elementor-widget elementor-widget-html\" data-id=\"73fa4c4\" data-element_type=\"widget\" data-widget_type=\"html.default\">\n\t\t\t\t<div class=\"elementor-widget-container\">\n\t\t\t\t\t<script charset=\"utf-8\" type=\"text\/javascript\" src=\"\/\/js.hsforms.net\/forms\/shell.js\"><\/script> <script>\r\nhbspt.forms.create({\r\nportalId: \"7040215\",\r\nformId: \"833ff817-c2ec-4667-9ae8-aea74b057f7b\"\r\n});\r\n<\/script>\t\t\t\t<\/div>\n\t\t\t\t<\/div>\n\t\t\t\t\t<\/div>\n\t\t\t\t<\/div>\n\t\t\t\t<\/div>\n\t\t<\/div>\n\t\t\t\t\t\t<\/div>\n\t\t\t\t<\/div>\n\t\t\t\t<\/div>\n\t\t\t\t<\/div>\n\t\t","protected":false},"excerpt":{"rendered":"<p>APLICACI\u00d3N M\u00d3VIL PARA FLUJOS DE TRABAJO DE CMT DE EXTREMO A EXTREMO Realice un seguimiento de los datos de las muestras y del lugar con ForneyField, una aplicaci\u00f3n m\u00f3vil con ForneyVault que utilizan los t\u00e9cnicos de campo, los directores de laboratorio y de proyectos y los ingenieros principales para garantizar una cadena de custodia completa&#8230;<\/p>\n","protected":false},"author":1,"featured_media":0,"parent":3060,"menu_order":0,"comment_status":"closed","ping_status":"closed","template":"","meta":{"_acf_changed":false,"content-type":"","footnotes":""},"class_list":["post-3101","page","type-page","status-publish","hentry"],"acf":[],"yoast_head":"<!-- This site is optimized with the Yoast SEO plugin v25.6 - https:\/\/yoast.com\/wordpress\/plugins\/seo\/ -->\n<title>Forney Field | Forney Online<\/title>\n<meta name=\"description\" content=\"Realice un seguimiento de los datos de la muestra y del lugar con ForneyField, una aplicaci\u00f3n m\u00f3vil con ForneyVault que se utiliza para completar la cadena de custodia para todas las partes interesadas del proyecto.\" \/>\n<meta name=\"robots\" content=\"index, follow, max-snippet:-1, max-image-preview:large, max-video-preview:-1\" \/>\n<link rel=\"canonical\" href=\"https:\/\/forneyonline.com\/automated\/forneyfield\/\" \/>\n<meta property=\"og:locale\" content=\"es_ES\" \/>\n<meta property=\"og:type\" content=\"article\" \/>\n<meta property=\"og:title\" content=\"Forney Field | Forney Online\" \/>\n<meta property=\"og:description\" content=\"Realice un seguimiento de los datos de la muestra y del lugar con ForneyField, una aplicaci\u00f3n m\u00f3vil con ForneyVault que se utiliza para completar la cadena de custodia para todas las partes interesadas del proyecto.\" \/>\n<meta property=\"og:url\" content=\"https:\/\/forneyonline.com\/automated\/forneyfield\/\" \/>\n<meta property=\"og:site_name\" content=\"Forney Online\" \/>\n<meta property=\"article:modified_time\" content=\"2023-09-12T15:23:38+00:00\" \/>\n<meta property=\"og:image\" content=\"https:\/\/forneyonline.com\/wp-content\/uploads\/2023\/09\/forneyfield_reversedr.svg\" \/>\n<meta name=\"twitter:card\" content=\"summary_large_image\" \/>\n<meta name=\"twitter:label1\" content=\"Tiempo de lectura\" \/>\n\t<meta name=\"twitter:data1\" content=\"3 minutos\" \/>\n<script type=\"application\/ld+json\" class=\"yoast-schema-graph\">{\"@context\":\"https:\/\/schema.org\",\"@graph\":[{\"@type\":\"WebPage\",\"@id\":\"https:\/\/forneyonline.com\/automated\/forneyfield\/\",\"url\":\"https:\/\/forneyonline.com\/automated\/forneyfield\/\",\"name\":\"Forney Field | Forney Online\",\"isPartOf\":{\"@id\":\"https:\/\/forneyonline.com\/#website\"},\"primaryImageOfPage\":{\"@id\":\"https:\/\/forneyonline.com\/automated\/forneyfield\/#primaryimage\"},\"image\":{\"@id\":\"https:\/\/forneyonline.com\/automated\/forneyfield\/#primaryimage\"},\"thumbnailUrl\":\"https:\/\/forneyonline.com\/wp-content\/uploads\/2023\/09\/forneyfield_reversedr.svg\",\"datePublished\":\"2023-02-21T15:26:43+00:00\",\"dateModified\":\"2023-09-12T15:23:38+00:00\",\"description\":\"Realice un seguimiento de los datos de la muestra y del lugar con ForneyField, una aplicaci\u00f3n m\u00f3vil con ForneyVault que se utiliza para completar la cadena de custodia para todas las partes interesadas del proyecto.\",\"breadcrumb\":{\"@id\":\"https:\/\/forneyonline.com\/automated\/forneyfield\/#breadcrumb\"},\"inLanguage\":\"es\",\"potentialAction\":[{\"@type\":\"ReadAction\",\"target\":[\"https:\/\/forneyonline.com\/automated\/forneyfield\/\"]}]},{\"@type\":\"ImageObject\",\"inLanguage\":\"es\",\"@id\":\"https:\/\/forneyonline.com\/automated\/forneyfield\/#primaryimage\",\"url\":\"https:\/\/forneyonline.com\/wp-content\/uploads\/2023\/09\/forneyfield_reversedr.svg\",\"contentUrl\":\"https:\/\/forneyonline.com\/wp-content\/uploads\/2023\/09\/forneyfield_reversedr.svg\"},{\"@type\":\"BreadcrumbList\",\"@id\":\"https:\/\/forneyonline.com\/automated\/forneyfield\/#breadcrumb\",\"itemListElement\":[{\"@type\":\"ListItem\",\"position\":1,\"name\":\"Home\",\"item\":\"https:\/\/forneyonline.com\/es\/\"},{\"@type\":\"ListItem\",\"position\":2,\"name\":\"VERDADERAS SOLUCIONES AUTOMATIZADAS SOLUCIONES AUTOMATIZADAS\",\"item\":\"https:\/\/forneyonline.com\/es\/soluciones-automatizadas\/\"},{\"@type\":\"ListItem\",\"position\":3,\"name\":\"Forney Field\"}]},{\"@type\":\"WebSite\",\"@id\":\"https:\/\/forneyonline.com\/#website\",\"url\":\"https:\/\/forneyonline.com\/\",\"name\":\"Forney Online\",\"description\":\"\",\"publisher\":{\"@id\":\"https:\/\/forneyonline.com\/#organization\"},\"potentialAction\":[{\"@type\":\"SearchAction\",\"target\":{\"@type\":\"EntryPoint\",\"urlTemplate\":\"https:\/\/forneyonline.com\/?s={search_term_string}\"},\"query-input\":{\"@type\":\"PropertyValueSpecification\",\"valueRequired\":true,\"valueName\":\"search_term_string\"}}],\"inLanguage\":\"es\"},{\"@type\":\"Organization\",\"@id\":\"https:\/\/forneyonline.com\/#organization\",\"name\":\"Forney Online\",\"url\":\"https:\/\/forneyonline.com\/\",\"logo\":{\"@type\":\"ImageObject\",\"inLanguage\":\"es\",\"@id\":\"https:\/\/forneyonline.com\/#\/schema\/logo\/image\/\",\"url\":\"https:\/\/forneyonline.com\/wp-content\/uploads\/2024\/03\/ForneyLogo_Black.png\",\"contentUrl\":\"https:\/\/forneyonline.com\/wp-content\/uploads\/2024\/03\/ForneyLogo_Black.png\",\"width\":1024,\"height\":178,\"caption\":\"Forney Online\"},\"image\":{\"@id\":\"https:\/\/forneyonline.com\/#\/schema\/logo\/image\/\"}}]}<\/script>\n<!-- \/ Yoast SEO plugin. -->","yoast_head_json":{"title":"Forney Field | Forney Online","description":"Realice un seguimiento de los datos de la muestra y del lugar con ForneyField, una aplicaci\u00f3n m\u00f3vil con ForneyVault que se utiliza para completar la cadena de custodia para todas las partes interesadas del proyecto.","robots":{"index":"index","follow":"follow","max-snippet":"max-snippet:-1","max-image-preview":"max-image-preview:large","max-video-preview":"max-video-preview:-1"},"canonical":"https:\/\/forneyonline.com\/automated\/forneyfield\/","og_locale":"es_ES","og_type":"article","og_title":"Forney Field | Forney Online","og_description":"Realice un seguimiento de los datos de la muestra y del lugar con ForneyField, una aplicaci\u00f3n m\u00f3vil con ForneyVault que se utiliza para completar la cadena de custodia para todas las partes interesadas del proyecto.","og_url":"https:\/\/forneyonline.com\/automated\/forneyfield\/","og_site_name":"Forney Online","article_modified_time":"2023-09-12T15:23:38+00:00","og_image":[{"url":"https:\/\/forneyonline.com\/wp-content\/uploads\/2023\/09\/forneyfield_reversedr.svg","type":"","width":"","height":""}],"twitter_card":"summary_large_image","twitter_misc":{"Tiempo de lectura":"3 minutos"},"schema":{"@context":"https:\/\/schema.org","@graph":[{"@type":"WebPage","@id":"https:\/\/forneyonline.com\/automated\/forneyfield\/","url":"https:\/\/forneyonline.com\/automated\/forneyfield\/","name":"Forney Field | Forney Online","isPartOf":{"@id":"https:\/\/forneyonline.com\/#website"},"primaryImageOfPage":{"@id":"https:\/\/forneyonline.com\/automated\/forneyfield\/#primaryimage"},"image":{"@id":"https:\/\/forneyonline.com\/automated\/forneyfield\/#primaryimage"},"thumbnailUrl":"https:\/\/forneyonline.com\/wp-content\/uploads\/2023\/09\/forneyfield_reversedr.svg","datePublished":"2023-02-21T15:26:43+00:00","dateModified":"2023-09-12T15:23:38+00:00","description":"Realice un seguimiento de los datos de la muestra y del lugar con ForneyField, una aplicaci\u00f3n m\u00f3vil con ForneyVault que se utiliza para completar la cadena de custodia para todas las partes interesadas del proyecto.","breadcrumb":{"@id":"https:\/\/forneyonline.com\/automated\/forneyfield\/#breadcrumb"},"inLanguage":"es","potentialAction":[{"@type":"ReadAction","target":["https:\/\/forneyonline.com\/automated\/forneyfield\/"]}]},{"@type":"ImageObject","inLanguage":"es","@id":"https:\/\/forneyonline.com\/automated\/forneyfield\/#primaryimage","url":"https:\/\/forneyonline.com\/wp-content\/uploads\/2023\/09\/forneyfield_reversedr.svg","contentUrl":"https:\/\/forneyonline.com\/wp-content\/uploads\/2023\/09\/forneyfield_reversedr.svg"},{"@type":"BreadcrumbList","@id":"https:\/\/forneyonline.com\/automated\/forneyfield\/#breadcrumb","itemListElement":[{"@type":"ListItem","position":1,"name":"Home","item":"https:\/\/forneyonline.com\/es\/"},{"@type":"ListItem","position":2,"name":"VERDADERAS SOLUCIONES AUTOMATIZADAS SOLUCIONES AUTOMATIZADAS","item":"https:\/\/forneyonline.com\/es\/soluciones-automatizadas\/"},{"@type":"ListItem","position":3,"name":"Forney Field"}]},{"@type":"WebSite","@id":"https:\/\/forneyonline.com\/#website","url":"https:\/\/forneyonline.com\/","name":"Forney Online","description":"","publisher":{"@id":"https:\/\/forneyonline.com\/#organization"},"potentialAction":[{"@type":"SearchAction","target":{"@type":"EntryPoint","urlTemplate":"https:\/\/forneyonline.com\/?s={search_term_string}"},"query-input":{"@type":"PropertyValueSpecification","valueRequired":true,"valueName":"search_term_string"}}],"inLanguage":"es"},{"@type":"Organization","@id":"https:\/\/forneyonline.com\/#organization","name":"Forney Online","url":"https:\/\/forneyonline.com\/","logo":{"@type":"ImageObject","inLanguage":"es","@id":"https:\/\/forneyonline.com\/#\/schema\/logo\/image\/","url":"https:\/\/forneyonline.com\/wp-content\/uploads\/2024\/03\/ForneyLogo_Black.png","contentUrl":"https:\/\/forneyonline.com\/wp-content\/uploads\/2024\/03\/ForneyLogo_Black.png","width":1024,"height":178,"caption":"Forney Online"},"image":{"@id":"https:\/\/forneyonline.com\/#\/schema\/logo\/image\/"}}]}},"_links":{"self":[{"href":"https:\/\/forneyonline.com\/es\/wp-json\/wp\/v2\/pages\/3101","targetHints":{"allow":["GET"]}}],"collection":[{"href":"https:\/\/forneyonline.com\/es\/wp-json\/wp\/v2\/pages"}],"about":[{"href":"https:\/\/forneyonline.com\/es\/wp-json\/wp\/v2\/types\/page"}],"author":[{"embeddable":true,"href":"https:\/\/forneyonline.com\/es\/wp-json\/wp\/v2\/users\/1"}],"replies":[{"embeddable":true,"href":"https:\/\/forneyonline.com\/es\/wp-json\/wp\/v2\/comments?post=3101"}],"version-history":[{"count":0,"href":"https:\/\/forneyonline.com\/es\/wp-json\/wp\/v2\/pages\/3101\/revisions"}],"up":[{"embeddable":true,"href":"https:\/\/forneyonline.com\/es\/wp-json\/wp\/v2\/pages\/3060"}],"wp:attachment":[{"href":"https:\/\/forneyonline.com\/es\/wp-json\/wp\/v2\/media?parent=3101"}],"curies":[{"name":"wp","href":"https:\/\/api.w.org\/{rel}","templated":true}]}}